{"id":346,"date":"2021-03-31T15:41:47","date_gmt":"2021-03-31T15:41:47","guid":{"rendered":"https:\/\/www.lineamec.com\/?page_id=346"},"modified":"2021-03-31T15:41:47","modified_gmt":"2021-03-31T15:41:47","slug":"montage","status":"publish","type":"page","link":"https:\/\/www.lineamec.com\/de\/bearbeitungen\/montage\/","title":{"rendered":"Montage"},"content":{"rendered":"<div class=\"bg-montaggi\"><\/div>\n<div class=\"cnt-md\" id=\"breadcrumbs\" style=\"margin-top:12.5px;\"><span><span><a href=\"https:\/\/www.lineamec.com\/de\/\">Home<\/a><\/span><\/span><\/div>\n<div class=\"cnt-sm\">\n<h1>Montage<\/h1>\n<p>Eine weitere T\u00e4tigkeit unseres Unternehmens ist die Montage von Baugruppen nach kundenspezifischen W\u00fcnschen. Gem\u00e4\u00df dem Auftrag verarbeiten wir die bei uns erstellten Produkte zusammen mit Zukaufteilen oder vom Kunden bereitgestellten Komponenten zu komplexen mechanischen Systemen sowie elektromechanischen Baugruppen.<\/p>\n<p>F\u00fcr die Durchf\u00fchrung dieser T\u00e4tigkeit verf\u00fcgen wir \u00fcber ein eigenes Geb\u00e4ude mit spezialisiertem Personal, das sich streng an die in der Zeichnung angegebenen Vorschriften h\u00e4lt.<\/p>\n<\/div>\n<div class=\"img-lav\">\n<img decoding=\"async\" src=\"https:\/\/www.lineamec.com\/images\/lav-montaggi-02.jpg\" \/>\n<\/div>\n","protected":false},"excerpt":{"rendered":"<p>Montage Eine weitere T\u00e4tigkeit unseres Unternehmens ist die Montage von Baugruppen nach kundenspezifischen W\u00fcnschen. Gem\u00e4\u00df dem Auftrag verarbeiten wir die bei uns erstellten Produkte zusammen mit Zukaufteilen oder vom Kunden bereitgestellten Komponenten zu komplexen mechanischen Systemen sowie elektromechanischen Baugruppen. F\u00fcr die Durchf\u00fchrung dieser T\u00e4tigkeit verf\u00fcgen wir \u00fcber ein eigenes Geb\u00e4ude mit spezialisiertem Personal, das sich &hellip; <a href=\"https:\/\/www.lineamec.com\/de\/bearbeitungen\/montage\/\" class=\"more-link\"><span class=\"screen-reader-text\">Montage<\/span> weiterlesen <span class=\"meta-nav\">&rarr;<\/span><\/a><\/p>\n","protected":false},"author":2,"featured_media":0,"parent":257,"menu_order":40,"comment_status":"closed","ping_status":"closed","template":"page-fascia.php","meta":{"footnotes":""},"class_list":["post-346","page","type-page","status-publish","hentry"],"yoast_head":"<!-- This site is optimized with the Yoast SEO plugin v25.4 - https:\/\/yoast.com\/wordpress\/plugins\/seo\/ -->\n<title>Montage - Lineamec<\/title>\n<meta name=\"robots\" content=\"index, follow, max-snippet:-1, max-image-preview:large, max-video-preview:-1\" \/>\n<link rel=\"canonical\" href=\"https:\/\/www.lineamec.com\/de\/bearbeitungen\/montage\/\" \/>\n<meta property=\"og:locale\" content=\"de_DE\" \/>\n<meta property=\"og:type\" content=\"article\" \/>\n<meta property=\"og:title\" content=\"Montage - Lineamec\" \/>\n<meta property=\"og:description\" content=\"Montage Eine weitere T\u00e4tigkeit unseres Unternehmens ist die Montage von Baugruppen nach kundenspezifischen W\u00fcnschen. Gem\u00e4\u00df dem Auftrag verarbeiten wir die bei uns erstellten Produkte zusammen mit Zukaufteilen oder vom Kunden bereitgestellten Komponenten zu komplexen mechanischen Systemen sowie elektromechanischen Baugruppen. F\u00fcr die Durchf\u00fchrung dieser T\u00e4tigkeit verf\u00fcgen wir \u00fcber ein eigenes Geb\u00e4ude mit spezialisiertem Personal, das sich &hellip; Montage weiterlesen &rarr;\" \/>\n<meta property=\"og:url\" content=\"https:\/\/www.lineamec.com\/de\/bearbeitungen\/montage\/\" \/>\n<meta property=\"og:site_name\" content=\"Lineamec\" \/>\n<meta property=\"og:image\" content=\"https:\/\/www.lineamec.com\/images\/lav-montaggi-02.jpg\" \/>\n<meta name=\"twitter:card\" content=\"summary_large_image\" \/>\n<script type=\"application\/ld+json\" class=\"yoast-schema-graph\">{\"@context\":\"https:\/\/schema.org\",\"@graph\":[{\"@type\":\"WebPage\",\"@id\":\"https:\/\/www.lineamec.com\/de\/bearbeitungen\/montage\/\",\"url\":\"https:\/\/www.lineamec.com\/de\/bearbeitungen\/montage\/\",\"name\":\"Montage - Lineamec\",\"isPartOf\":{\"@id\":\"https:\/\/www.lineamec.com\/de\/#website\"},\"primaryImageOfPage\":{\"@id\":\"https:\/\/www.lineamec.com\/de\/bearbeitungen\/montage\/#primaryimage\"},\"image\":{\"@id\":\"https:\/\/www.lineamec.com\/de\/bearbeitungen\/montage\/#primaryimage\"},\"thumbnailUrl\":\"https:\/\/www.lineamec.com\/images\/lav-montaggi-02.jpg\",\"datePublished\":\"2021-03-31T15:41:47+00:00\",\"breadcrumb\":{\"@id\":\"https:\/\/www.lineamec.com\/de\/bearbeitungen\/montage\/#breadcrumb\"},\"inLanguage\":\"de\",\"potentialAction\":[{\"@type\":\"ReadAction\",\"target\":[\"https:\/\/www.lineamec.com\/de\/bearbeitungen\/montage\/\"]}]},{\"@type\":\"ImageObject\",\"inLanguage\":\"de\",\"@id\":\"https:\/\/www.lineamec.com\/de\/bearbeitungen\/montage\/#primaryimage\",\"url\":\"https:\/\/www.lineamec.com\/images\/lav-montaggi-02.jpg\",\"contentUrl\":\"https:\/\/www.lineamec.com\/images\/lav-montaggi-02.jpg\"},{\"@type\":\"BreadcrumbList\",\"@id\":\"https:\/\/www.lineamec.com\/de\/bearbeitungen\/montage\/#breadcrumb\",\"itemListElement\":[{\"@type\":\"ListItem\",\"position\":1,\"name\":\"Home\",\"item\":\"https:\/\/www.lineamec.com\/de\/\"},{\"@type\":\"ListItem\",\"position\":2,\"name\":\"Bearbeitungen\",\"item\":\"https:\/\/www.lineamec.com\/de\/bearbeitungen\/\"},{\"@type\":\"ListItem\",\"position\":3,\"name\":\"Montage\"}]},{\"@type\":\"WebSite\",\"@id\":\"https:\/\/www.lineamec.com\/de\/#website\",\"url\":\"https:\/\/www.lineamec.com\/de\/\",\"name\":\"Lineamec\",\"description\":\"\",\"potentialAction\":[{\"@type\":\"SearchAction\",\"target\":{\"@type\":\"EntryPoint\",\"urlTemplate\":\"https:\/\/www.lineamec.com\/de\/?s={search_term_string}\"},\"query-input\":{\"@type\":\"PropertyValueSpecification\",\"valueRequired\":true,\"valueName\":\"search_term_string\"}}],\"inLanguage\":\"de\"}]}<\/script>\n<!-- \/ Yoast SEO plugin. -->","yoast_head_json":{"title":"Montage - Lineamec","robots":{"index":"index","follow":"follow","max-snippet":"max-snippet:-1","max-image-preview":"max-image-preview:large","max-video-preview":"max-video-preview:-1"},"canonical":"https:\/\/www.lineamec.com\/de\/bearbeitungen\/montage\/","og_locale":"de_DE","og_type":"article","og_title":"Montage - Lineamec","og_description":"Montage Eine weitere T\u00e4tigkeit unseres Unternehmens ist die Montage von Baugruppen nach kundenspezifischen W\u00fcnschen. Gem\u00e4\u00df dem Auftrag verarbeiten wir die bei uns erstellten Produkte zusammen mit Zukaufteilen oder vom Kunden bereitgestellten Komponenten zu komplexen mechanischen Systemen sowie elektromechanischen Baugruppen. F\u00fcr die Durchf\u00fchrung dieser T\u00e4tigkeit verf\u00fcgen wir \u00fcber ein eigenes Geb\u00e4ude mit spezialisiertem Personal, das sich &hellip; Montage weiterlesen &rarr;","og_url":"https:\/\/www.lineamec.com\/de\/bearbeitungen\/montage\/","og_site_name":"Lineamec","og_image":[{"url":"https:\/\/www.lineamec.com\/images\/lav-montaggi-02.jpg","type":"","width":"","height":""}],"twitter_card":"summary_large_image","schema":{"@context":"https:\/\/schema.org","@graph":[{"@type":"WebPage","@id":"https:\/\/www.lineamec.com\/de\/bearbeitungen\/montage\/","url":"https:\/\/www.lineamec.com\/de\/bearbeitungen\/montage\/","name":"Montage - Lineamec","isPartOf":{"@id":"https:\/\/www.lineamec.com\/de\/#website"},"primaryImageOfPage":{"@id":"https:\/\/www.lineamec.com\/de\/bearbeitungen\/montage\/#primaryimage"},"image":{"@id":"https:\/\/www.lineamec.com\/de\/bearbeitungen\/montage\/#primaryimage"},"thumbnailUrl":"https:\/\/www.lineamec.com\/images\/lav-montaggi-02.jpg","datePublished":"2021-03-31T15:41:47+00:00","breadcrumb":{"@id":"https:\/\/www.lineamec.com\/de\/bearbeitungen\/montage\/#breadcrumb"},"inLanguage":"de","potentialAction":[{"@type":"ReadAction","target":["https:\/\/www.lineamec.com\/de\/bearbeitungen\/montage\/"]}]},{"@type":"ImageObject","inLanguage":"de","@id":"https:\/\/www.lineamec.com\/de\/bearbeitungen\/montage\/#primaryimage","url":"https:\/\/www.lineamec.com\/images\/lav-montaggi-02.jpg","contentUrl":"https:\/\/www.lineamec.com\/images\/lav-montaggi-02.jpg"},{"@type":"BreadcrumbList","@id":"https:\/\/www.lineamec.com\/de\/bearbeitungen\/montage\/#breadcrumb","itemListElement":[{"@type":"ListItem","position":1,"name":"Home","item":"https:\/\/www.lineamec.com\/de\/"},{"@type":"ListItem","position":2,"name":"Bearbeitungen","item":"https:\/\/www.lineamec.com\/de\/bearbeitungen\/"},{"@type":"ListItem","position":3,"name":"Montage"}]},{"@type":"WebSite","@id":"https:\/\/www.lineamec.com\/de\/#website","url":"https:\/\/www.lineamec.com\/de\/","name":"Lineamec","description":"","potentialAction":[{"@type":"SearchAction","target":{"@type":"EntryPoint","urlTemplate":"https:\/\/www.lineamec.com\/de\/?s={search_term_string}"},"query-input":{"@type":"PropertyValueSpecification","valueRequired":true,"valueName":"search_term_string"}}],"inLanguage":"de"}]}},"_links":{"self":[{"href":"https:\/\/www.lineamec.com\/de\/wp-json\/wp\/v2\/pages\/346","targetHints":{"allow":["GET"]}}],"collection":[{"href":"https:\/\/www.lineamec.com\/de\/wp-json\/wp\/v2\/pages"}],"about":[{"href":"https:\/\/www.lineamec.com\/de\/wp-json\/wp\/v2\/types\/page"}],"author":[{"embeddable":true,"href":"https:\/\/www.lineamec.com\/de\/wp-json\/wp\/v2\/users\/2"}],"replies":[{"embeddable":true,"href":"https:\/\/www.lineamec.com\/de\/wp-json\/wp\/v2\/comments?post=346"}],"version-history":[{"count":1,"href":"https:\/\/www.lineamec.com\/de\/wp-json\/wp\/v2\/pages\/346\/revisions"}],"predecessor-version":[{"id":347,"href":"https:\/\/www.lineamec.com\/de\/wp-json\/wp\/v2\/pages\/346\/revisions\/347"}],"up":[{"embeddable":true,"href":"https:\/\/www.lineamec.com\/de\/wp-json\/wp\/v2\/pages\/257"}],"wp:attachment":[{"href":"https:\/\/www.lineamec.com\/de\/wp-json\/wp\/v2\/media?parent=346"}],"curies":[{"name":"wp","href":"https:\/\/api.w.org\/{rel}","templated":true}]}}