{"id":344,"date":"2021-03-31T15:41:37","date_gmt":"2021-03-31T15:41:37","guid":{"rendered":"https:\/\/www.lineamec.com\/?page_id=344"},"modified":"2021-03-31T15:41:37","modified_gmt":"2021-03-31T15:41:37","slug":"cnc-fraesen","status":"publish","type":"page","link":"https:\/\/www.lineamec.com\/de\/bearbeitungen\/cnc-fraesen\/","title":{"rendered":"CNC-Fr\u00e4sen"},"content":{"rendered":"<div class=\"bg-fresatura\"><\/div>\n<div class=\"cnt-md\" id=\"breadcrumbs\" style=\"margin-top:12.5px;\"><span><span><a href=\"https:\/\/www.lineamec.com\/de\/\">Home<\/a><\/span><\/span><\/div>\n<div class=\"cnt-sm\">\n<h1>CNC-Fr\u00e4sen<\/h1>\n<p>Auch das CNC-Fr\u00e4sen geh\u00f6rt zu unseren Spezialgebieten und mit modernsten CNC-gesteuerten Bearbeitungszentren k\u00f6nnen die verschiedensten Anforderungen des Kunden erf\u00fcllt werden.<\/p>\n<p>Die maximalen Abmessungen, die wir bearbeiten k\u00f6nnen, sind 4000x1100x1200mm.<\/p>\n<p>Die Einsatzgebiete unserer CNC-Fr\u00e4sbearbeitung sind deshalb sehr umfangreich und vielf\u00e4ltig. Somit ist es uns m\u00f6glich, f\u00fcr jeden Auftrag die richtige Auswahl sowohl hinsichtlich des einzusetzenden Fr\u00e4ssystems als auch hinsichtlich der Anforderungen des Kunden zu treffen.<\/p>\n<\/div>\n<div class=\"img-lav\">\n<img decoding=\"async\" src=\"https:\/\/www.lineamec.com\/images\/lav-fresatura-02.jpg\" \/>\n<\/div>\n","protected":false},"excerpt":{"rendered":"<p>CNC-Fr\u00e4sen Auch das CNC-Fr\u00e4sen geh\u00f6rt zu unseren Spezialgebieten und mit modernsten CNC-gesteuerten Bearbeitungszentren k\u00f6nnen die verschiedensten Anforderungen des Kunden erf\u00fcllt werden. Die maximalen Abmessungen, die wir bearbeiten k\u00f6nnen, sind 4000x1100x1200mm. Die Einsatzgebiete unserer CNC-Fr\u00e4sbearbeitung sind deshalb sehr umfangreich und vielf\u00e4ltig. Somit ist es uns m\u00f6glich, f\u00fcr jeden Auftrag die richtige Auswahl sowohl hinsichtlich des einzusetzenden &hellip; <a href=\"https:\/\/www.lineamec.com\/de\/bearbeitungen\/cnc-fraesen\/\" class=\"more-link\"><span class=\"screen-reader-text\">CNC-Fr\u00e4sen<\/span> weiterlesen <span class=\"meta-nav\">&rarr;<\/span><\/a><\/p>\n","protected":false},"author":2,"featured_media":0,"parent":257,"menu_order":30,"comment_status":"closed","ping_status":"closed","template":"page-fascia.php","meta":{"footnotes":""},"class_list":["post-344","page","type-page","status-publish","hentry"],"yoast_head":"<!-- This site is optimized with the Yoast SEO plugin v25.4 - https:\/\/yoast.com\/wordpress\/plugins\/seo\/ -->\n<title>CNC-Fr\u00e4sen - Lineamec<\/title>\n<meta name=\"robots\" content=\"index, follow, max-snippet:-1, max-image-preview:large, max-video-preview:-1\" \/>\n<link rel=\"canonical\" href=\"https:\/\/www.lineamec.com\/de\/bearbeitungen\/cnc-fraesen\/\" \/>\n<meta property=\"og:locale\" content=\"de_DE\" \/>\n<meta property=\"og:type\" content=\"article\" \/>\n<meta property=\"og:title\" content=\"CNC-Fr\u00e4sen - Lineamec\" \/>\n<meta property=\"og:description\" content=\"CNC-Fr\u00e4sen Auch das CNC-Fr\u00e4sen geh\u00f6rt zu unseren Spezialgebieten und mit modernsten CNC-gesteuerten Bearbeitungszentren k\u00f6nnen die verschiedensten Anforderungen des Kunden erf\u00fcllt werden. Die maximalen Abmessungen, die wir bearbeiten k\u00f6nnen, sind 4000x1100x1200mm. Die Einsatzgebiete unserer CNC-Fr\u00e4sbearbeitung sind deshalb sehr umfangreich und vielf\u00e4ltig. Somit ist es uns m\u00f6glich, f\u00fcr jeden Auftrag die richtige Auswahl sowohl hinsichtlich des einzusetzenden &hellip; CNC-Fr\u00e4sen weiterlesen &rarr;\" \/>\n<meta property=\"og:url\" content=\"https:\/\/www.lineamec.com\/de\/bearbeitungen\/cnc-fraesen\/\" \/>\n<meta property=\"og:site_name\" content=\"Lineamec\" \/>\n<meta property=\"og:image\" content=\"https:\/\/www.lineamec.com\/images\/lav-fresatura-02.jpg\" \/>\n<meta name=\"twitter:card\" content=\"summary_large_image\" \/>\n<script type=\"application\/ld+json\" class=\"yoast-schema-graph\">{\"@context\":\"https:\/\/schema.org\",\"@graph\":[{\"@type\":\"WebPage\",\"@id\":\"https:\/\/www.lineamec.com\/de\/bearbeitungen\/cnc-fraesen\/\",\"url\":\"https:\/\/www.lineamec.com\/de\/bearbeitungen\/cnc-fraesen\/\",\"name\":\"CNC-Fr\u00e4sen - Lineamec\",\"isPartOf\":{\"@id\":\"https:\/\/www.lineamec.com\/de\/#website\"},\"primaryImageOfPage\":{\"@id\":\"https:\/\/www.lineamec.com\/de\/bearbeitungen\/cnc-fraesen\/#primaryimage\"},\"image\":{\"@id\":\"https:\/\/www.lineamec.com\/de\/bearbeitungen\/cnc-fraesen\/#primaryimage\"},\"thumbnailUrl\":\"https:\/\/www.lineamec.com\/images\/lav-fresatura-02.jpg\",\"datePublished\":\"2021-03-31T15:41:37+00:00\",\"breadcrumb\":{\"@id\":\"https:\/\/www.lineamec.com\/de\/bearbeitungen\/cnc-fraesen\/#breadcrumb\"},\"inLanguage\":\"de\",\"potentialAction\":[{\"@type\":\"ReadAction\",\"target\":[\"https:\/\/www.lineamec.com\/de\/bearbeitungen\/cnc-fraesen\/\"]}]},{\"@type\":\"ImageObject\",\"inLanguage\":\"de\",\"@id\":\"https:\/\/www.lineamec.com\/de\/bearbeitungen\/cnc-fraesen\/#primaryimage\",\"url\":\"https:\/\/www.lineamec.com\/images\/lav-fresatura-02.jpg\",\"contentUrl\":\"https:\/\/www.lineamec.com\/images\/lav-fresatura-02.jpg\"},{\"@type\":\"BreadcrumbList\",\"@id\":\"https:\/\/www.lineamec.com\/de\/bearbeitungen\/cnc-fraesen\/#breadcrumb\",\"itemListElement\":[{\"@type\":\"ListItem\",\"position\":1,\"name\":\"Home\",\"item\":\"https:\/\/www.lineamec.com\/de\/\"},{\"@type\":\"ListItem\",\"position\":2,\"name\":\"Bearbeitungen\",\"item\":\"https:\/\/www.lineamec.com\/de\/bearbeitungen\/\"},{\"@type\":\"ListItem\",\"position\":3,\"name\":\"CNC-Fr\u00e4sen\"}]},{\"@type\":\"WebSite\",\"@id\":\"https:\/\/www.lineamec.com\/de\/#website\",\"url\":\"https:\/\/www.lineamec.com\/de\/\",\"name\":\"Lineamec\",\"description\":\"\",\"potentialAction\":[{\"@type\":\"SearchAction\",\"target\":{\"@type\":\"EntryPoint\",\"urlTemplate\":\"https:\/\/www.lineamec.com\/de\/?s={search_term_string}\"},\"query-input\":{\"@type\":\"PropertyValueSpecification\",\"valueRequired\":true,\"valueName\":\"search_term_string\"}}],\"inLanguage\":\"de\"}]}<\/script>\n<!-- \/ Yoast SEO plugin. -->","yoast_head_json":{"title":"CNC-Fr\u00e4sen - Lineamec","robots":{"index":"index","follow":"follow","max-snippet":"max-snippet:-1","max-image-preview":"max-image-preview:large","max-video-preview":"max-video-preview:-1"},"canonical":"https:\/\/www.lineamec.com\/de\/bearbeitungen\/cnc-fraesen\/","og_locale":"de_DE","og_type":"article","og_title":"CNC-Fr\u00e4sen - Lineamec","og_description":"CNC-Fr\u00e4sen Auch das CNC-Fr\u00e4sen geh\u00f6rt zu unseren Spezialgebieten und mit modernsten CNC-gesteuerten Bearbeitungszentren k\u00f6nnen die verschiedensten Anforderungen des Kunden erf\u00fcllt werden. Die maximalen Abmessungen, die wir bearbeiten k\u00f6nnen, sind 4000x1100x1200mm. Die Einsatzgebiete unserer CNC-Fr\u00e4sbearbeitung sind deshalb sehr umfangreich und vielf\u00e4ltig. Somit ist es uns m\u00f6glich, f\u00fcr jeden Auftrag die richtige Auswahl sowohl hinsichtlich des einzusetzenden &hellip; CNC-Fr\u00e4sen weiterlesen &rarr;","og_url":"https:\/\/www.lineamec.com\/de\/bearbeitungen\/cnc-fraesen\/","og_site_name":"Lineamec","og_image":[{"url":"https:\/\/www.lineamec.com\/images\/lav-fresatura-02.jpg","type":"","width":"","height":""}],"twitter_card":"summary_large_image","schema":{"@context":"https:\/\/schema.org","@graph":[{"@type":"WebPage","@id":"https:\/\/www.lineamec.com\/de\/bearbeitungen\/cnc-fraesen\/","url":"https:\/\/www.lineamec.com\/de\/bearbeitungen\/cnc-fraesen\/","name":"CNC-Fr\u00e4sen - Lineamec","isPartOf":{"@id":"https:\/\/www.lineamec.com\/de\/#website"},"primaryImageOfPage":{"@id":"https:\/\/www.lineamec.com\/de\/bearbeitungen\/cnc-fraesen\/#primaryimage"},"image":{"@id":"https:\/\/www.lineamec.com\/de\/bearbeitungen\/cnc-fraesen\/#primaryimage"},"thumbnailUrl":"https:\/\/www.lineamec.com\/images\/lav-fresatura-02.jpg","datePublished":"2021-03-31T15:41:37+00:00","breadcrumb":{"@id":"https:\/\/www.lineamec.com\/de\/bearbeitungen\/cnc-fraesen\/#breadcrumb"},"inLanguage":"de","potentialAction":[{"@type":"ReadAction","target":["https:\/\/www.lineamec.com\/de\/bearbeitungen\/cnc-fraesen\/"]}]},{"@type":"ImageObject","inLanguage":"de","@id":"https:\/\/www.lineamec.com\/de\/bearbeitungen\/cnc-fraesen\/#primaryimage","url":"https:\/\/www.lineamec.com\/images\/lav-fresatura-02.jpg","contentUrl":"https:\/\/www.lineamec.com\/images\/lav-fresatura-02.jpg"},{"@type":"BreadcrumbList","@id":"https:\/\/www.lineamec.com\/de\/bearbeitungen\/cnc-fraesen\/#breadcrumb","itemListElement":[{"@type":"ListItem","position":1,"name":"Home","item":"https:\/\/www.lineamec.com\/de\/"},{"@type":"ListItem","position":2,"name":"Bearbeitungen","item":"https:\/\/www.lineamec.com\/de\/bearbeitungen\/"},{"@type":"ListItem","position":3,"name":"CNC-Fr\u00e4sen"}]},{"@type":"WebSite","@id":"https:\/\/www.lineamec.com\/de\/#website","url":"https:\/\/www.lineamec.com\/de\/","name":"Lineamec","description":"","potentialAction":[{"@type":"SearchAction","target":{"@type":"EntryPoint","urlTemplate":"https:\/\/www.lineamec.com\/de\/?s={search_term_string}"},"query-input":{"@type":"PropertyValueSpecification","valueRequired":true,"valueName":"search_term_string"}}],"inLanguage":"de"}]}},"_links":{"self":[{"href":"https:\/\/www.lineamec.com\/de\/wp-json\/wp\/v2\/pages\/344","targetHints":{"allow":["GET"]}}],"collection":[{"href":"https:\/\/www.lineamec.com\/de\/wp-json\/wp\/v2\/pages"}],"about":[{"href":"https:\/\/www.lineamec.com\/de\/wp-json\/wp\/v2\/types\/page"}],"author":[{"embeddable":true,"href":"https:\/\/www.lineamec.com\/de\/wp-json\/wp\/v2\/users\/2"}],"replies":[{"embeddable":true,"href":"https:\/\/www.lineamec.com\/de\/wp-json\/wp\/v2\/comments?post=344"}],"version-history":[{"count":1,"href":"https:\/\/www.lineamec.com\/de\/wp-json\/wp\/v2\/pages\/344\/revisions"}],"predecessor-version":[{"id":345,"href":"https:\/\/www.lineamec.com\/de\/wp-json\/wp\/v2\/pages\/344\/revisions\/345"}],"up":[{"embeddable":true,"href":"https:\/\/www.lineamec.com\/de\/wp-json\/wp\/v2\/pages\/257"}],"wp:attachment":[{"href":"https:\/\/www.lineamec.com\/de\/wp-json\/wp\/v2\/media?parent=344"}],"curies":[{"name":"wp","href":"https:\/\/api.w.org\/{rel}","templated":true}]}}