{"id":263,"date":"2020-12-10T09:59:19","date_gmt":"2020-12-10T09:59:19","guid":{"rendered":"https:\/\/www.lineamec.com\/?page_id=263"},"modified":"2020-12-10T09:59:19","modified_gmt":"2020-12-10T09:59:19","slug":"kontakt","status":"publish","type":"page","link":"https:\/\/www.lineamec.com\/de\/kontakt\/","title":{"rendered":"Kontakt"},"content":{"rendered":"<div class=\"cnt-sm mr-bt-md\">\n<p>F\u00fcr weitere Informationen \u00fcber unsere Bearbeitungen und Maschinen, f\u00fcr technische Beratung oder f\u00fcr ein kostenloses Angebot z\u00f6gern Sie nicht uns zu kontaktieren. Wir antworten auf jede Anfrage in kurzer Zeit und stellen direkt den Kontakt zum richtigen Ansprechpartner her.<\/p>\n<\/div>\n<div class=\"bg-blue\">\n<div class=\"cnt-sm\">\n<div class=\"form-container\">\n<div class=\"wpcf7 no-js\" id=\"wpcf7-f231-o1\" lang=\"it-IT\" dir=\"ltr\" data-wpcf7-id=\"231\">\n<div class=\"screen-reader-response\"><p role=\"status\" aria-live=\"polite\" aria-atomic=\"true\"><\/p> <ul><\/ul><\/div>\n<form action=\"\/de\/wp-json\/wp\/v2\/pages\/263#wpcf7-f231-o1\" method=\"post\" class=\"wpcf7-form init wpcf7-acceptance-as-validation\" aria-label=\"Modulo di contatto\" novalidate=\"novalidate\" data-status=\"init\">\n<fieldset class=\"hidden-fields-container\"><input type=\"hidden\" name=\"_wpcf7\" value=\"231\" \/><input type=\"hidden\" name=\"_wpcf7_version\" value=\"6.1\" \/><input type=\"hidden\" name=\"_wpcf7_locale\" value=\"it_IT\" \/><input type=\"hidden\" name=\"_wpcf7_unit_tag\" value=\"wpcf7-f231-o1\" \/><input type=\"hidden\" name=\"_wpcf7_container_post\" value=\"0\" \/><input type=\"hidden\" name=\"_wpcf7_posted_data_hash\" value=\"\" \/>\n<\/fieldset>\n<p><label><span style=\"color:#FFFFFF;\">E-Mail-Adresse<\/span><br \/>\n<span class=\"wpcf7-form-control-wrap\" data-name=\"your-email\"><input size=\"40\" maxlength=\"400\" class=\"wpcf7-form-control wpcf7-email wpcf7-validates-as-required wpcf7-text wpcf7-validates-as-email\" aria-required=\"true\" aria-invalid=\"false\" value=\"\" type=\"email\" name=\"your-email\" \/><\/span> <\/label>\n<\/p>\n<p><label><span style=\"color:#FFFFFF;\">Vorname<\/span><br \/>\n<span class=\"wpcf7-form-control-wrap\" data-name=\"your-name\"><input size=\"40\" maxlength=\"400\" class=\"wpcf7-form-control wpcf7-text wpcf7-validates-as-required\" aria-required=\"true\" aria-invalid=\"false\" value=\"\" type=\"text\" name=\"your-name\" \/><\/span> <\/label>\n<\/p>\n<p><label><span style=\"color:#FFFFFF;\">Nachname<\/span><br \/>\n<span class=\"wpcf7-form-control-wrap\" data-name=\"your-surname\"><input size=\"40\" maxlength=\"400\" class=\"wpcf7-form-control wpcf7-text wpcf7-validates-as-required\" aria-required=\"true\" aria-invalid=\"false\" value=\"\" type=\"text\" name=\"your-surname\" \/><\/span> <\/label>\n<\/p>\n<p><label><span style=\"color:#FFFFFF;\">Nachricht<\/span><br \/>\n<span class=\"wpcf7-form-control-wrap\" data-name=\"your-message\"><textarea cols=\"40\" rows=\"10\" maxlength=\"2000\" class=\"wpcf7-form-control wpcf7-textarea\" aria-invalid=\"false\" name=\"your-message\"><\/textarea><\/span> <\/label>\n<\/p>\n<p style=\"color:#FFFFFF; font-size:14px;\"><span class=\"wpcf7-form-control-wrap\" data-name=\"privacy\"><span class=\"wpcf7-form-control wpcf7-acceptance\"><span class=\"wpcf7-list-item\"><input type=\"checkbox\" name=\"privacy\" value=\"1\" aria-invalid=\"false\" \/><\/span><\/span><\/span> Die <a href=\"https:\/\/www.iubenda.com\/privacy-policy\/25154306\" class=\"iubenda-nostyle iubenda-embed\" title=\"Privacy Policy \" style=\"color:#FFFFFF;\" rel=\"nofollow\">Datenschutzerkl\u00e4rung<\/a><script type=\"text\/javascript\">(function (w,d) {var loader = function () {var s = d.createElement(\"script\"), tag = d.getElementsByTagName(\"script\")[0]; s.src=\"https:\/\/cdn.iubenda.com\/iubenda.js\"; tag.parentNode.insertBefore(s,tag);}; if(w.addEventListener){w.addEventListener(\"load\", loader, false);}else if(w.attachEvent){w.attachEvent(\"onload\", loader);}else{w.onload = loader;}})(window, document);<\/script> habe ich gelesen und akzeptiere sie.\n<\/p>\n<p><input class=\"wpcf7-form-control wpcf7-submit has-spinner\" type=\"submit\" value=\"Versenden\" \/>\n<\/p><div class=\"wpcf7-response-output\" aria-hidden=\"true\"><\/div>\n<\/form>\n<\/div>\n<\/div>\n<\/div>\n<\/div>\n<div class=\"cont-dsk\">\n<div class=\"mappa\"><iframe loading=\"lazy\" src=\"https:\/\/www.google.com\/maps\/embed?pb=!1m18!1m12!1m3!1d2782.4403143246395!2d12.583997115568089!3d45.78240577910593!2m3!1f0!2f0!3f0!3m2!1i1024!2i768!4f13.1!3m3!1m2!1s0x47795d1ecc62e8cb%3A0xbfde8f785ab0ac0b!2sLINEAMEC%20SRL!5e0!3m2!1sit!2sit!4v1605005827188!5m2!1sit!2sit\" width=\"100%\" height=\"640\" frameborder=\"0\" style=\"border:0;\" allowfullscreen=\"\" aria-hidden=\"false\" tabindex=\"0\"><\/iframe><\/div>\n<div class=\"indirizzo\">\n<p class=\"blue-bold\" style=\"font-size:24px;\">LINEAMEC S.R.L. S.U.<\/p>\n<p>Via Moletto 2b<br \/>\n31045 Motta di Livenza (TV)<br \/>\nItalia<\/p>\n<p>Tel. +39 0422 768579 r.a.<br \/>\n<a href=\"mailto:info@lineamec.com\">info@lineamec.com<\/a><\/p>\n<\/div>\n<div class=\"close\"><\/div>\n<\/div>\n<div class=\"cont-mob\">\n<p class=\"blue-bold\" style=\"font-size:24px;\">LINEAMEC S.R.L. S.U.<\/p>\n<p>Via Moletto 2b<br \/>\n31045 Motta di Livenza (TV)<br \/>\nItalia<\/p>\n<p>Tel. +39 0422 768579 r.a.<br \/>\n<a href=\"mailto:info@lineamec.com\">info@lineamec.com<\/a><\/p>\n<p><iframe loading=\"lazy\" src=\"https:\/\/www.google.com\/maps\/embed?pb=!1m18!1m12!1m3!1d2782.4403143246395!2d12.583997115568089!3d45.78240577910593!2m3!1f0!2f0!3f0!3m2!1i1024!2i768!4f13.1!3m3!1m2!1s0x47795d1ecc62e8cb%3A0xbfde8f785ab0ac0b!2sLINEAMEC%20SRL!5e0!3m2!1sit!2sit!4v1605005827188!5m2!1sit!2sit\" width=\"100%\" height=\"320\" frameborder=\"0\" style=\"border:0;\" allowfullscreen=\"\" aria-hidden=\"false\" tabindex=\"0\"><\/iframe>\n<\/div>\n","protected":false},"excerpt":{"rendered":"<p>F\u00fcr weitere Informationen \u00fcber unsere Bearbeitungen und Maschinen, f\u00fcr technische Beratung oder f\u00fcr ein kostenloses Angebot z\u00f6gern Sie nicht uns zu kontaktieren. Wir antworten auf jede Anfrage in kurzer Zeit und stellen direkt den Kontakt zum richtigen Ansprechpartner her. LINEAMEC S.R.L. S.U. Via Moletto 2b 31045 Motta di Livenza (TV) Italia Tel. +39 0422 768579 &hellip; <a href=\"https:\/\/www.lineamec.com\/de\/kontakt\/\" class=\"more-link\"><span class=\"screen-reader-text\">Kontakt<\/span> weiterlesen <span class=\"meta-nav\">&rarr;<\/span><\/a><\/p>\n","protected":false},"author":2,"featured_media":0,"parent":0,"menu_order":110,"comment_status":"closed","ping_status":"closed","template":"page-breadcumbs.php","meta":{"footnotes":""},"class_list":["post-263","page","type-page","status-publish","hentry"],"yoast_head":"<!-- This site is optimized with the Yoast SEO plugin v25.4 - https:\/\/yoast.com\/wordpress\/plugins\/seo\/ -->\n<title>Kontakt - Lineamec<\/title>\n<meta name=\"robots\" content=\"index, follow, max-snippet:-1, max-image-preview:large, max-video-preview:-1\" \/>\n<link rel=\"canonical\" href=\"https:\/\/www.lineamec.com\/de\/kontakt\/\" \/>\n<meta property=\"og:locale\" content=\"de_DE\" \/>\n<meta property=\"og:type\" content=\"article\" \/>\n<meta property=\"og:title\" content=\"Kontakt - Lineamec\" \/>\n<meta property=\"og:description\" content=\"F\u00fcr weitere Informationen \u00fcber unsere Bearbeitungen und Maschinen, f\u00fcr technische Beratung oder f\u00fcr ein kostenloses Angebot z\u00f6gern Sie nicht uns zu kontaktieren. Wir antworten auf jede Anfrage in kurzer Zeit und stellen direkt den Kontakt zum richtigen Ansprechpartner her. LINEAMEC S.R.L. S.U. Via Moletto 2b 31045 Motta di Livenza (TV) Italia Tel. +39 0422 768579 &hellip; Kontakt weiterlesen &rarr;\" \/>\n<meta property=\"og:url\" content=\"https:\/\/www.lineamec.com\/de\/kontakt\/\" \/>\n<meta property=\"og:site_name\" content=\"Lineamec\" \/>\n<meta name=\"twitter:card\" content=\"summary_large_image\" \/>\n<script type=\"application\/ld+json\" class=\"yoast-schema-graph\">{\"@context\":\"https:\/\/schema.org\",\"@graph\":[{\"@type\":\"WebPage\",\"@id\":\"https:\/\/www.lineamec.com\/de\/kontakt\/\",\"url\":\"https:\/\/www.lineamec.com\/de\/kontakt\/\",\"name\":\"Kontakt - Lineamec\",\"isPartOf\":{\"@id\":\"https:\/\/www.lineamec.com\/de\/#website\"},\"datePublished\":\"2020-12-10T09:59:19+00:00\",\"breadcrumb\":{\"@id\":\"https:\/\/www.lineamec.com\/de\/kontakt\/#breadcrumb\"},\"inLanguage\":\"de\",\"potentialAction\":[{\"@type\":\"ReadAction\",\"target\":[\"https:\/\/www.lineamec.com\/de\/kontakt\/\"]}]},{\"@type\":\"BreadcrumbList\",\"@id\":\"https:\/\/www.lineamec.com\/de\/kontakt\/#breadcrumb\",\"itemListElement\":[{\"@type\":\"ListItem\",\"position\":1,\"name\":\"Home\",\"item\":\"https:\/\/www.lineamec.com\/de\/\"},{\"@type\":\"ListItem\",\"position\":2,\"name\":\"Kontakt\"}]},{\"@type\":\"WebSite\",\"@id\":\"https:\/\/www.lineamec.com\/de\/#website\",\"url\":\"https:\/\/www.lineamec.com\/de\/\",\"name\":\"Lineamec\",\"description\":\"\",\"potentialAction\":[{\"@type\":\"SearchAction\",\"target\":{\"@type\":\"EntryPoint\",\"urlTemplate\":\"https:\/\/www.lineamec.com\/de\/?s={search_term_string}\"},\"query-input\":{\"@type\":\"PropertyValueSpecification\",\"valueRequired\":true,\"valueName\":\"search_term_string\"}}],\"inLanguage\":\"de\"}]}<\/script>\n<!-- \/ Yoast SEO plugin. -->","yoast_head_json":{"title":"Kontakt - Lineamec","robots":{"index":"index","follow":"follow","max-snippet":"max-snippet:-1","max-image-preview":"max-image-preview:large","max-video-preview":"max-video-preview:-1"},"canonical":"https:\/\/www.lineamec.com\/de\/kontakt\/","og_locale":"de_DE","og_type":"article","og_title":"Kontakt - Lineamec","og_description":"F\u00fcr weitere Informationen \u00fcber unsere Bearbeitungen und Maschinen, f\u00fcr technische Beratung oder f\u00fcr ein kostenloses Angebot z\u00f6gern Sie nicht uns zu kontaktieren. Wir antworten auf jede Anfrage in kurzer Zeit und stellen direkt den Kontakt zum richtigen Ansprechpartner her. LINEAMEC S.R.L. S.U. Via Moletto 2b 31045 Motta di Livenza (TV) Italia Tel. +39 0422 768579 &hellip; Kontakt weiterlesen &rarr;","og_url":"https:\/\/www.lineamec.com\/de\/kontakt\/","og_site_name":"Lineamec","twitter_card":"summary_large_image","schema":{"@context":"https:\/\/schema.org","@graph":[{"@type":"WebPage","@id":"https:\/\/www.lineamec.com\/de\/kontakt\/","url":"https:\/\/www.lineamec.com\/de\/kontakt\/","name":"Kontakt - Lineamec","isPartOf":{"@id":"https:\/\/www.lineamec.com\/de\/#website"},"datePublished":"2020-12-10T09:59:19+00:00","breadcrumb":{"@id":"https:\/\/www.lineamec.com\/de\/kontakt\/#breadcrumb"},"inLanguage":"de","potentialAction":[{"@type":"ReadAction","target":["https:\/\/www.lineamec.com\/de\/kontakt\/"]}]},{"@type":"BreadcrumbList","@id":"https:\/\/www.lineamec.com\/de\/kontakt\/#breadcrumb","itemListElement":[{"@type":"ListItem","position":1,"name":"Home","item":"https:\/\/www.lineamec.com\/de\/"},{"@type":"ListItem","position":2,"name":"Kontakt"}]},{"@type":"WebSite","@id":"https:\/\/www.lineamec.com\/de\/#website","url":"https:\/\/www.lineamec.com\/de\/","name":"Lineamec","description":"","potentialAction":[{"@type":"SearchAction","target":{"@type":"EntryPoint","urlTemplate":"https:\/\/www.lineamec.com\/de\/?s={search_term_string}"},"query-input":{"@type":"PropertyValueSpecification","valueRequired":true,"valueName":"search_term_string"}}],"inLanguage":"de"}]}},"_links":{"self":[{"href":"https:\/\/www.lineamec.com\/de\/wp-json\/wp\/v2\/pages\/263","targetHints":{"allow":["GET"]}}],"collection":[{"href":"https:\/\/www.lineamec.com\/de\/wp-json\/wp\/v2\/pages"}],"about":[{"href":"https:\/\/www.lineamec.com\/de\/wp-json\/wp\/v2\/types\/page"}],"author":[{"embeddable":true,"href":"https:\/\/www.lineamec.com\/de\/wp-json\/wp\/v2\/users\/2"}],"replies":[{"embeddable":true,"href":"https:\/\/www.lineamec.com\/de\/wp-json\/wp\/v2\/comments?post=263"}],"version-history":[{"count":1,"href":"https:\/\/www.lineamec.com\/de\/wp-json\/wp\/v2\/pages\/263\/revisions"}],"predecessor-version":[{"id":264,"href":"https:\/\/www.lineamec.com\/de\/wp-json\/wp\/v2\/pages\/263\/revisions\/264"}],"wp:attachment":[{"href":"https:\/\/www.lineamec.com\/de\/wp-json\/wp\/v2\/media?parent=263"}],"curies":[{"name":"wp","href":"https:\/\/api.w.org\/{rel}","templated":true}]}}