{"id":259,"date":"2020-12-10T09:50:43","date_gmt":"2020-12-10T09:50:43","guid":{"rendered":"https:\/\/www.lineamec.com\/?page_id=259"},"modified":"2020-12-10T09:50:43","modified_gmt":"2020-12-10T09:50:43","slug":"branchen","status":"publish","type":"page","link":"https:\/\/www.lineamec.com\/de\/branchen\/","title":{"rendered":"Branchen"},"content":{"rendered":"<div class=\"cnt-sm\">\n<p>Unsere St\u00e4rke liegt in unserer F\u00e4higkeit, jede Produktionsanforderung des Marktes zu befriedigen.<br \/>\nUnser Know-how erlaubt uns, f\u00fcr verschiede Sektoren zu arbeiten und unterschiedliche Projekte zu entwickeln, die in Bezug auf Dauer, Budget, Lieferung heterogen sind.<br \/>\nDie Qualit\u00e4tsstandards unserer Arbeit bleiben unver\u00e4ndert hoch. Die Vielfalt der Anfragen unserer Kunden entspricht der Vielseitigkeit des Unternehmens. Unsere Werte helfen uns jeden Tag, noch bessere L\u00f6sungen zu entwickeln und uns auf neue Herausforderungen vorzubereiten. Wir blicken in die Zukunft und wissen bereits heute, dass wir die Herausforderungen von morgen meistern werden \u2013 gemeinsam mit unseren Kunden.<\/p>\n<\/div>\n<div class=\"cnt-lg mr-bt-md\">\n<div class=\"cnt-settori\"><img decoding=\"async\" src=\"https:\/\/www.lineamec.com\/images\/settori-en-rinn.svg\" width=\"128\" \/><\/p>\n<h3>Erneuerbare Energien<\/h3>\n<\/div>\n<div class=\"cnt-settori\"><img decoding=\"async\" src=\"https:\/\/www.lineamec.com\/images\/settori-ind-petr.svg\" width=\"128\" \/><\/p>\n<h3>Erd\u00f6lindustrie<\/h3>\n<\/div>\n<div class=\"cnt-settori\"><img decoding=\"async\" src=\"https:\/\/www.lineamec.com\/images\/settori-farma.svg\" width=\"128\" \/><\/p>\n<h3>Medizintechnik und Pharmaindustrie<\/h3>\n<\/div>\n<div class=\"cnt-settori\"><img decoding=\"async\" src=\"https:\/\/www.lineamec.com\/images\/settori-automatismo.svg\" width=\"128\" \/><\/p>\n<h3>Automotive<\/h3>\n<\/div>\n<div class=\"cnt-settori\"><img decoding=\"async\" src=\"https:\/\/www.lineamec.com\/images\/settori-elettr.svg\" width=\"128\" \/><\/p>\n<h3>Elektrotechnik<\/h3>\n<\/div>\n<div class=\"cnt-settori\"><img decoding=\"async\" src=\"https:\/\/www.lineamec.com\/images\/settori-conf.svg\" width=\"128\" \/><\/p>\n<h3>Verpackung<\/h3>\n<\/div>\n<div class=\"cnt-settori\"><img decoding=\"async\" src=\"https:\/\/www.lineamec.com\/images\/settori-des.svg\" width=\"128\" \/><\/p>\n<h3>Design<\/h3>\n<\/div>\n<div class=\"cnt-settori\"><img decoding=\"async\" src=\"https:\/\/www.lineamec.com\/images\/settori-dif.svg\" width=\"128\" \/><\/p>\n<h3>Verteidigung<\/h3>\n<\/div>\n<div class=\"cnt-settori\"><img decoding=\"async\" src=\"https:\/\/www.lineamec.com\/images\/settori-space.svg\" width=\"128\" \/><\/p>\n<h3>Raumfahrtindustrie<\/h3>\n<\/div>\n<div class=\"cnt-settori\"><img decoding=\"async\" src=\"https:\/\/www.lineamec.com\/images\/settori-auto.svg\" width=\"128\" \/><\/p>\n<h3>Automation<\/h3>\n<\/div>\n<\/div>\n","protected":false},"excerpt":{"rendered":"<p>Unsere St\u00e4rke liegt in unserer F\u00e4higkeit, jede Produktionsanforderung des Marktes zu befriedigen. Unser Know-how erlaubt uns, f\u00fcr verschiede Sektoren zu arbeiten und unterschiedliche Projekte zu entwickeln, die in Bezug auf Dauer, Budget, Lieferung heterogen sind. Die Qualit\u00e4tsstandards unserer Arbeit bleiben unver\u00e4ndert hoch. Die Vielfalt der Anfragen unserer Kunden entspricht der Vielseitigkeit des Unternehmens. Unsere Werte &hellip; <a href=\"https:\/\/www.lineamec.com\/de\/branchen\/\" class=\"more-link\"><span class=\"screen-reader-text\">Branchen<\/span> weiterlesen <span class=\"meta-nav\">&rarr;<\/span><\/a><\/p>\n","protected":false},"author":2,"featured_media":0,"parent":0,"menu_order":30,"comment_status":"closed","ping_status":"closed","template":"page-bread-fascia.php","meta":{"footnotes":""},"class_list":["post-259","page","type-page","status-publish","hentry"],"yoast_head":"<!-- This site is optimized with the Yoast SEO plugin v25.4 - https:\/\/yoast.com\/wordpress\/plugins\/seo\/ -->\n<title>Branchen - Lineamec<\/title>\n<meta name=\"robots\" content=\"index, follow, max-snippet:-1, max-image-preview:large, max-video-preview:-1\" \/>\n<link rel=\"canonical\" href=\"https:\/\/www.lineamec.com\/de\/branchen\/\" \/>\n<meta property=\"og:locale\" content=\"de_DE\" \/>\n<meta property=\"og:type\" content=\"article\" \/>\n<meta property=\"og:title\" content=\"Branchen - Lineamec\" \/>\n<meta property=\"og:description\" content=\"Unsere St\u00e4rke liegt in unserer F\u00e4higkeit, jede Produktionsanforderung des Marktes zu befriedigen. Unser Know-how erlaubt uns, f\u00fcr verschiede Sektoren zu arbeiten und unterschiedliche Projekte zu entwickeln, die in Bezug auf Dauer, Budget, Lieferung heterogen sind. Die Qualit\u00e4tsstandards unserer Arbeit bleiben unver\u00e4ndert hoch. Die Vielfalt der Anfragen unserer Kunden entspricht der Vielseitigkeit des Unternehmens. Unsere Werte &hellip; Branchen weiterlesen &rarr;\" \/>\n<meta property=\"og:url\" content=\"https:\/\/www.lineamec.com\/de\/branchen\/\" \/>\n<meta property=\"og:site_name\" content=\"Lineamec\" \/>\n<meta property=\"og:image\" content=\"https:\/\/www.lineamec.com\/images\/settori-en-rinn.svg\" \/>\n<meta name=\"twitter:card\" content=\"summary_large_image\" \/>\n<meta name=\"twitter:label1\" content=\"Gesch\u00e4tzte Lesezeit\" \/>\n\t<meta name=\"twitter:data1\" content=\"1\u00a0Minute\" \/>\n<script type=\"application\/ld+json\" class=\"yoast-schema-graph\">{\"@context\":\"https:\/\/schema.org\",\"@graph\":[{\"@type\":\"WebPage\",\"@id\":\"https:\/\/www.lineamec.com\/de\/branchen\/\",\"url\":\"https:\/\/www.lineamec.com\/de\/branchen\/\",\"name\":\"Branchen - Lineamec\",\"isPartOf\":{\"@id\":\"https:\/\/www.lineamec.com\/de\/#website\"},\"primaryImageOfPage\":{\"@id\":\"https:\/\/www.lineamec.com\/de\/branchen\/#primaryimage\"},\"image\":{\"@id\":\"https:\/\/www.lineamec.com\/de\/branchen\/#primaryimage\"},\"thumbnailUrl\":\"https:\/\/www.lineamec.com\/images\/settori-en-rinn.svg\",\"datePublished\":\"2020-12-10T09:50:43+00:00\",\"breadcrumb\":{\"@id\":\"https:\/\/www.lineamec.com\/de\/branchen\/#breadcrumb\"},\"inLanguage\":\"de\",\"potentialAction\":[{\"@type\":\"ReadAction\",\"target\":[\"https:\/\/www.lineamec.com\/de\/branchen\/\"]}]},{\"@type\":\"ImageObject\",\"inLanguage\":\"de\",\"@id\":\"https:\/\/www.lineamec.com\/de\/branchen\/#primaryimage\",\"url\":\"https:\/\/www.lineamec.com\/images\/settori-en-rinn.svg\",\"contentUrl\":\"https:\/\/www.lineamec.com\/images\/settori-en-rinn.svg\"},{\"@type\":\"BreadcrumbList\",\"@id\":\"https:\/\/www.lineamec.com\/de\/branchen\/#breadcrumb\",\"itemListElement\":[{\"@type\":\"ListItem\",\"position\":1,\"name\":\"Home\",\"item\":\"https:\/\/www.lineamec.com\/de\/\"},{\"@type\":\"ListItem\",\"position\":2,\"name\":\"Branchen\"}]},{\"@type\":\"WebSite\",\"@id\":\"https:\/\/www.lineamec.com\/de\/#website\",\"url\":\"https:\/\/www.lineamec.com\/de\/\",\"name\":\"Lineamec\",\"description\":\"\",\"potentialAction\":[{\"@type\":\"SearchAction\",\"target\":{\"@type\":\"EntryPoint\",\"urlTemplate\":\"https:\/\/www.lineamec.com\/de\/?s={search_term_string}\"},\"query-input\":{\"@type\":\"PropertyValueSpecification\",\"valueRequired\":true,\"valueName\":\"search_term_string\"}}],\"inLanguage\":\"de\"}]}<\/script>\n<!-- \/ Yoast SEO plugin. -->","yoast_head_json":{"title":"Branchen - Lineamec","robots":{"index":"index","follow":"follow","max-snippet":"max-snippet:-1","max-image-preview":"max-image-preview:large","max-video-preview":"max-video-preview:-1"},"canonical":"https:\/\/www.lineamec.com\/de\/branchen\/","og_locale":"de_DE","og_type":"article","og_title":"Branchen - Lineamec","og_description":"Unsere St\u00e4rke liegt in unserer F\u00e4higkeit, jede Produktionsanforderung des Marktes zu befriedigen. Unser Know-how erlaubt uns, f\u00fcr verschiede Sektoren zu arbeiten und unterschiedliche Projekte zu entwickeln, die in Bezug auf Dauer, Budget, Lieferung heterogen sind. Die Qualit\u00e4tsstandards unserer Arbeit bleiben unver\u00e4ndert hoch. Die Vielfalt der Anfragen unserer Kunden entspricht der Vielseitigkeit des Unternehmens. Unsere Werte &hellip; Branchen weiterlesen &rarr;","og_url":"https:\/\/www.lineamec.com\/de\/branchen\/","og_site_name":"Lineamec","og_image":[{"url":"https:\/\/www.lineamec.com\/images\/settori-en-rinn.svg","type":"","width":"","height":""}],"twitter_card":"summary_large_image","twitter_misc":{"Gesch\u00e4tzte Lesezeit":"1\u00a0Minute"},"schema":{"@context":"https:\/\/schema.org","@graph":[{"@type":"WebPage","@id":"https:\/\/www.lineamec.com\/de\/branchen\/","url":"https:\/\/www.lineamec.com\/de\/branchen\/","name":"Branchen - Lineamec","isPartOf":{"@id":"https:\/\/www.lineamec.com\/de\/#website"},"primaryImageOfPage":{"@id":"https:\/\/www.lineamec.com\/de\/branchen\/#primaryimage"},"image":{"@id":"https:\/\/www.lineamec.com\/de\/branchen\/#primaryimage"},"thumbnailUrl":"https:\/\/www.lineamec.com\/images\/settori-en-rinn.svg","datePublished":"2020-12-10T09:50:43+00:00","breadcrumb":{"@id":"https:\/\/www.lineamec.com\/de\/branchen\/#breadcrumb"},"inLanguage":"de","potentialAction":[{"@type":"ReadAction","target":["https:\/\/www.lineamec.com\/de\/branchen\/"]}]},{"@type":"ImageObject","inLanguage":"de","@id":"https:\/\/www.lineamec.com\/de\/branchen\/#primaryimage","url":"https:\/\/www.lineamec.com\/images\/settori-en-rinn.svg","contentUrl":"https:\/\/www.lineamec.com\/images\/settori-en-rinn.svg"},{"@type":"BreadcrumbList","@id":"https:\/\/www.lineamec.com\/de\/branchen\/#breadcrumb","itemListElement":[{"@type":"ListItem","position":1,"name":"Home","item":"https:\/\/www.lineamec.com\/de\/"},{"@type":"ListItem","position":2,"name":"Branchen"}]},{"@type":"WebSite","@id":"https:\/\/www.lineamec.com\/de\/#website","url":"https:\/\/www.lineamec.com\/de\/","name":"Lineamec","description":"","potentialAction":[{"@type":"SearchAction","target":{"@type":"EntryPoint","urlTemplate":"https:\/\/www.lineamec.com\/de\/?s={search_term_string}"},"query-input":{"@type":"PropertyValueSpecification","valueRequired":true,"valueName":"search_term_string"}}],"inLanguage":"de"}]}},"_links":{"self":[{"href":"https:\/\/www.lineamec.com\/de\/wp-json\/wp\/v2\/pages\/259","targetHints":{"allow":["GET"]}}],"collection":[{"href":"https:\/\/www.lineamec.com\/de\/wp-json\/wp\/v2\/pages"}],"about":[{"href":"https:\/\/www.lineamec.com\/de\/wp-json\/wp\/v2\/types\/page"}],"author":[{"embeddable":true,"href":"https:\/\/www.lineamec.com\/de\/wp-json\/wp\/v2\/users\/2"}],"replies":[{"embeddable":true,"href":"https:\/\/www.lineamec.com\/de\/wp-json\/wp\/v2\/comments?post=259"}],"version-history":[{"count":1,"href":"https:\/\/www.lineamec.com\/de\/wp-json\/wp\/v2\/pages\/259\/revisions"}],"predecessor-version":[{"id":260,"href":"https:\/\/www.lineamec.com\/de\/wp-json\/wp\/v2\/pages\/259\/revisions\/260"}],"wp:attachment":[{"href":"https:\/\/www.lineamec.com\/de\/wp-json\/wp\/v2\/media?parent=259"}],"curies":[{"name":"wp","href":"https:\/\/api.w.org\/{rel}","templated":true}]}}