{"id":257,"date":"2020-12-10T09:49:59","date_gmt":"2020-12-10T09:49:59","guid":{"rendered":"https:\/\/www.lineamec.com\/?page_id=257"},"modified":"2022-03-07T14:20:09","modified_gmt":"2022-03-07T14:20:09","slug":"bearbeitungen","status":"publish","type":"page","link":"https:\/\/www.lineamec.com\/de\/bearbeitungen\/","title":{"rendered":"Bearbeitungen"},"content":{"rendered":"<div class=\"cnt-sm\">\n<p>Qualit\u00e4t und Produktivit\u00e4t im Dienste Ihres Projekts. Wir sind auf Pr\u00e4zisionsbearbeitungen im Auftrag Dritter spezialisiert; wir kontrollieren jeden Schritt des Bearbeitungsprozesses und f\u00fchren ausf\u00fchrliche Kontrollen sowohl auf der Maschine, als auch an den ein- und ausgehenden Materialien durch.<\/p>\n<\/div>\n<div class=\"cnt-md mr-bt-md\">\n<div class=\"cp-lav cp-lav-sp cp-lav-sp-mob\"><a href=\"https:\/\/www.lineamec.com\/de\/bearbeitungen\/schneiden\/\" style=\"text-decoration: none;\"><img decoding=\"async\" src=\"https:\/\/www.lineamec.com\/images\/lav-taglio-cp.jpg\" \/><\/p>\n<p>Schneiden<\/a><\/p>\n<\/div>\n<div class=\"cp-lav cp-lav-sp\"><a href=\"https:\/\/www.lineamec.com\/de\/bearbeitungen\/cnc-drehen\/\" style=\"text-decoration: none;\"><img decoding=\"async\" src=\"https:\/\/www.lineamec.com\/images\/lav-tornitura-cp.jpg\" \/><\/p>\n<p>CNC-Drehen<\/a><\/p>\n<\/div>\n<div class=\"cp-lav cp-lav-sp-mob\"><a href=\"https:\/\/www.lineamec.com\/de\/bearbeitungen\/cnc-fraesen\/\" style=\"text-decoration: none;\"><img decoding=\"async\" src=\"https:\/\/www.lineamec.com\/images\/lav-fresatura-cp.jpg\" \/><\/p>\n<p>CNC-Fr\u00e4sen<\/a><\/p>\n<\/div>\n<div class=\"cp-lav cp-lav-sp cp-lav-ll\"><a href=\"https:\/\/www.lineamec.com\/de\/bearbeitungen\/montage\/\" style=\"text-decoration: none;\"><img decoding=\"async\" src=\"https:\/\/www.lineamec.com\/images\/lav-montaggi-cp.jpg\" \/><\/p>\n<p>Montage<\/a><\/p>\n<\/div>\n<div class=\"cp-lav cp-lav-lll\"><a href=\"https:\/\/www.lineamec.com\/de\/bearbeitungen\/qualitaetskontrolle\/\" style=\"font-size:0.9em; text-decoration: none;\"><img decoding=\"async\" src=\"https:\/\/www.lineamec.com\/images\/lav-qualita-cp.jpg\" \/><\/p>\n<p>Qualit\u00e4tskontrolle<\/a><\/p>\n<\/div>\n<div class=\"close\"><\/div>\n<\/div>\n","protected":false},"excerpt":{"rendered":"<p>Qualit\u00e4t und Produktivit\u00e4t im Dienste Ihres Projekts. Wir sind auf Pr\u00e4zisionsbearbeitungen im Auftrag Dritter spezialisiert; wir kontrollieren jeden Schritt des Bearbeitungsprozesses und f\u00fchren ausf\u00fchrliche Kontrollen sowohl auf der Maschine, als auch an den ein- und ausgehenden Materialien durch. Schneiden CNC-Drehen CNC-Fr\u00e4sen Montage Qualit\u00e4tskontrolle<\/p>\n","protected":false},"author":2,"featured_media":0,"parent":0,"menu_order":20,"comment_status":"closed","ping_status":"closed","template":"page-breadcumbs.php","meta":{"footnotes":""},"class_list":["post-257","page","type-page","status-publish","hentry"],"yoast_head":"<!-- This site is optimized with the Yoast SEO plugin v25.4 - https:\/\/yoast.com\/wordpress\/plugins\/seo\/ -->\n<title>Bearbeitungen - Lineamec<\/title>\n<meta name=\"robots\" content=\"index, follow, max-snippet:-1, max-image-preview:large, max-video-preview:-1\" \/>\n<link rel=\"canonical\" href=\"https:\/\/www.lineamec.com\/de\/bearbeitungen\/\" \/>\n<meta property=\"og:locale\" content=\"de_DE\" \/>\n<meta property=\"og:type\" content=\"article\" \/>\n<meta property=\"og:title\" content=\"Bearbeitungen - Lineamec\" \/>\n<meta property=\"og:description\" content=\"Qualit\u00e4t und Produktivit\u00e4t im Dienste Ihres Projekts. Wir sind auf Pr\u00e4zisionsbearbeitungen im Auftrag Dritter spezialisiert; wir kontrollieren jeden Schritt des Bearbeitungsprozesses und f\u00fchren ausf\u00fchrliche Kontrollen sowohl auf der Maschine, als auch an den ein- und ausgehenden Materialien durch. Schneiden CNC-Drehen CNC-Fr\u00e4sen Montage Qualit\u00e4tskontrolle\" \/>\n<meta property=\"og:url\" content=\"https:\/\/www.lineamec.com\/de\/bearbeitungen\/\" \/>\n<meta property=\"og:site_name\" content=\"Lineamec\" \/>\n<meta property=\"article:modified_time\" content=\"2022-03-07T14:20:09+00:00\" \/>\n<meta property=\"og:image\" content=\"https:\/\/www.lineamec.com\/images\/lav-taglio-cp.jpg\" \/>\n<meta name=\"twitter:card\" content=\"summary_large_image\" \/>\n<script type=\"application\/ld+json\" class=\"yoast-schema-graph\">{\"@context\":\"https:\/\/schema.org\",\"@graph\":[{\"@type\":\"WebPage\",\"@id\":\"https:\/\/www.lineamec.com\/de\/bearbeitungen\/\",\"url\":\"https:\/\/www.lineamec.com\/de\/bearbeitungen\/\",\"name\":\"Bearbeitungen - Lineamec\",\"isPartOf\":{\"@id\":\"https:\/\/www.lineamec.com\/de\/#website\"},\"primaryImageOfPage\":{\"@id\":\"https:\/\/www.lineamec.com\/de\/bearbeitungen\/#primaryimage\"},\"image\":{\"@id\":\"https:\/\/www.lineamec.com\/de\/bearbeitungen\/#primaryimage\"},\"thumbnailUrl\":\"https:\/\/www.lineamec.com\/images\/lav-taglio-cp.jpg\",\"datePublished\":\"2020-12-10T09:49:59+00:00\",\"dateModified\":\"2022-03-07T14:20:09+00:00\",\"breadcrumb\":{\"@id\":\"https:\/\/www.lineamec.com\/de\/bearbeitungen\/#breadcrumb\"},\"inLanguage\":\"de\",\"potentialAction\":[{\"@type\":\"ReadAction\",\"target\":[\"https:\/\/www.lineamec.com\/de\/bearbeitungen\/\"]}]},{\"@type\":\"ImageObject\",\"inLanguage\":\"de\",\"@id\":\"https:\/\/www.lineamec.com\/de\/bearbeitungen\/#primaryimage\",\"url\":\"https:\/\/www.lineamec.com\/images\/lav-taglio-cp.jpg\",\"contentUrl\":\"https:\/\/www.lineamec.com\/images\/lav-taglio-cp.jpg\"},{\"@type\":\"BreadcrumbList\",\"@id\":\"https:\/\/www.lineamec.com\/de\/bearbeitungen\/#breadcrumb\",\"itemListElement\":[{\"@type\":\"ListItem\",\"position\":1,\"name\":\"Home\",\"item\":\"https:\/\/www.lineamec.com\/de\/\"},{\"@type\":\"ListItem\",\"position\":2,\"name\":\"Bearbeitungen\"}]},{\"@type\":\"WebSite\",\"@id\":\"https:\/\/www.lineamec.com\/de\/#website\",\"url\":\"https:\/\/www.lineamec.com\/de\/\",\"name\":\"Lineamec\",\"description\":\"\",\"potentialAction\":[{\"@type\":\"SearchAction\",\"target\":{\"@type\":\"EntryPoint\",\"urlTemplate\":\"https:\/\/www.lineamec.com\/de\/?s={search_term_string}\"},\"query-input\":{\"@type\":\"PropertyValueSpecification\",\"valueRequired\":true,\"valueName\":\"search_term_string\"}}],\"inLanguage\":\"de\"}]}<\/script>\n<!-- \/ Yoast SEO plugin. -->","yoast_head_json":{"title":"Bearbeitungen - Lineamec","robots":{"index":"index","follow":"follow","max-snippet":"max-snippet:-1","max-image-preview":"max-image-preview:large","max-video-preview":"max-video-preview:-1"},"canonical":"https:\/\/www.lineamec.com\/de\/bearbeitungen\/","og_locale":"de_DE","og_type":"article","og_title":"Bearbeitungen - Lineamec","og_description":"Qualit\u00e4t und Produktivit\u00e4t im Dienste Ihres Projekts. Wir sind auf Pr\u00e4zisionsbearbeitungen im Auftrag Dritter spezialisiert; wir kontrollieren jeden Schritt des Bearbeitungsprozesses und f\u00fchren ausf\u00fchrliche Kontrollen sowohl auf der Maschine, als auch an den ein- und ausgehenden Materialien durch. Schneiden CNC-Drehen CNC-Fr\u00e4sen Montage Qualit\u00e4tskontrolle","og_url":"https:\/\/www.lineamec.com\/de\/bearbeitungen\/","og_site_name":"Lineamec","article_modified_time":"2022-03-07T14:20:09+00:00","og_image":[{"url":"https:\/\/www.lineamec.com\/images\/lav-taglio-cp.jpg","type":"","width":"","height":""}],"twitter_card":"summary_large_image","schema":{"@context":"https:\/\/schema.org","@graph":[{"@type":"WebPage","@id":"https:\/\/www.lineamec.com\/de\/bearbeitungen\/","url":"https:\/\/www.lineamec.com\/de\/bearbeitungen\/","name":"Bearbeitungen - Lineamec","isPartOf":{"@id":"https:\/\/www.lineamec.com\/de\/#website"},"primaryImageOfPage":{"@id":"https:\/\/www.lineamec.com\/de\/bearbeitungen\/#primaryimage"},"image":{"@id":"https:\/\/www.lineamec.com\/de\/bearbeitungen\/#primaryimage"},"thumbnailUrl":"https:\/\/www.lineamec.com\/images\/lav-taglio-cp.jpg","datePublished":"2020-12-10T09:49:59+00:00","dateModified":"2022-03-07T14:20:09+00:00","breadcrumb":{"@id":"https:\/\/www.lineamec.com\/de\/bearbeitungen\/#breadcrumb"},"inLanguage":"de","potentialAction":[{"@type":"ReadAction","target":["https:\/\/www.lineamec.com\/de\/bearbeitungen\/"]}]},{"@type":"ImageObject","inLanguage":"de","@id":"https:\/\/www.lineamec.com\/de\/bearbeitungen\/#primaryimage","url":"https:\/\/www.lineamec.com\/images\/lav-taglio-cp.jpg","contentUrl":"https:\/\/www.lineamec.com\/images\/lav-taglio-cp.jpg"},{"@type":"BreadcrumbList","@id":"https:\/\/www.lineamec.com\/de\/bearbeitungen\/#breadcrumb","itemListElement":[{"@type":"ListItem","position":1,"name":"Home","item":"https:\/\/www.lineamec.com\/de\/"},{"@type":"ListItem","position":2,"name":"Bearbeitungen"}]},{"@type":"WebSite","@id":"https:\/\/www.lineamec.com\/de\/#website","url":"https:\/\/www.lineamec.com\/de\/","name":"Lineamec","description":"","potentialAction":[{"@type":"SearchAction","target":{"@type":"EntryPoint","urlTemplate":"https:\/\/www.lineamec.com\/de\/?s={search_term_string}"},"query-input":{"@type":"PropertyValueSpecification","valueRequired":true,"valueName":"search_term_string"}}],"inLanguage":"de"}]}},"_links":{"self":[{"href":"https:\/\/www.lineamec.com\/de\/wp-json\/wp\/v2\/pages\/257","targetHints":{"allow":["GET"]}}],"collection":[{"href":"https:\/\/www.lineamec.com\/de\/wp-json\/wp\/v2\/pages"}],"about":[{"href":"https:\/\/www.lineamec.com\/de\/wp-json\/wp\/v2\/types\/page"}],"author":[{"embeddable":true,"href":"https:\/\/www.lineamec.com\/de\/wp-json\/wp\/v2\/users\/2"}],"replies":[{"embeddable":true,"href":"https:\/\/www.lineamec.com\/de\/wp-json\/wp\/v2\/comments?post=257"}],"version-history":[{"count":7,"href":"https:\/\/www.lineamec.com\/de\/wp-json\/wp\/v2\/pages\/257\/revisions"}],"predecessor-version":[{"id":372,"href":"https:\/\/www.lineamec.com\/de\/wp-json\/wp\/v2\/pages\/257\/revisions\/372"}],"wp:attachment":[{"href":"https:\/\/www.lineamec.com\/de\/wp-json\/wp\/v2\/media?parent=257"}],"curies":[{"name":"wp","href":"https:\/\/api.w.org\/{rel}","templated":true}]}}