{"id":254,"date":"2020-12-10T09:46:59","date_gmt":"2020-12-10T09:46:59","guid":{"rendered":"https:\/\/www.lineamec.com\/?page_id=254"},"modified":"2026-02-24T10:11:21","modified_gmt":"2026-02-24T10:11:21","slug":"wie-wir-arbeiten","status":"publish","type":"page","link":"https:\/\/www.lineamec.com\/de\/wie-wir-arbeiten\/","title":{"rendered":"Wie wir arbeiten"},"content":{"rendered":"<div class=\"inpho-bg inpho-work\"><img decoding=\"async\" style=\"padding: 190px 0;\" src=\"https:\/\/www.lineamec.com\/images\/come-lavoriamo-inpho-de.svg\" width=\"1246\" \/><\/div>\n<div id=\"breadcrumbs\" class=\"cnt-md\" style=\"margin-top: 12.5px;\"><span><span><a href=\"https:\/\/www.lineamec.com\/de\/\">Home<\/a><\/span><\/span><\/div>\n<div class=\"cnt-sm\">\n<h1>WIE WIR ARBEITEN<\/h1>\n<p>Wir haben ein Workflow-Management-System aktiviert, das durch die Planung und \u00dcberwachung von Erstellung und Zeitplan, f\u00fcr die Einhaltung der festgelegten Lieferzeiten und die Qualit\u00e4t unserer Arbeit garantiert.<\/p>\n<h2>Workflow management system<\/h2>\n<p>Das implementierte System erm\u00f6glicht eine Steigerung der Leistungsf\u00e4higkeit, die Automatisierung vieler Prozesse und eine bessere Steuerung derselben, die Standardisierung der Arbeitsmethoden und eine gr\u00f6\u00dfere Flexibilit\u00e4t. F\u00fcr jeden Arbeitsbereich haben wir eine einzige Kontaktperson und standardisierte Schritte vorgesehen, um Ausf\u00fchrungsgeschwindigkeit, methodische Klarheit und Prozessoptimierung zu gew\u00e4hrleisten.<\/p>\n<div class=\"indt\">\n<h3>Verkaufsabteilung<\/h3>\n<p>Ab dem ersten Kontakt bis zur Erf\u00fcllung der Vertr\u00e4ge leiten uns Transparenz und Professionalit\u00e4t.<\/p>\n<ul>\n<li>Angebotsanfrage<\/li>\n<li>Voranschlag<\/li>\n<li>Angebot<\/li>\n<li>Kundenbestellung<\/li>\n<li>administrative \u00dcberpr\u00fcfung<\/li>\n<li>Planungssimulation<\/li>\n<li>Auftragsbest\u00e4tigung<\/li>\n<\/ul>\n<h3>Industrialisierung<\/h3>\n<p>Ein geplantes System garantiert die effiziente Gesch\u00e4ftsf\u00fchrung der vergebene Auftrag.<\/p>\n<ul>\n<li>St\u00fccklisteneinf\u00fcgung<\/li>\n<li>Arbeitsablauf mit Zeiten und Methoden<\/li>\n<li>Kontrollpl\u00e4nen<\/li>\n<li>Inbetriebnahme<\/li>\n<\/ul>\n<h3>Planung<\/h3>\n<p>F\u00fcr alle Teile, die wir bekommen, machen wir eine erste Durchf\u00fchrbarkeitsstudie und dann kontrollieren wir die Baufortschritte.<\/p>\n<ul>\n<li>Erschaffung von Arbeitsauftr\u00e4gen<\/li>\n<li>Planung mit dem eingeschr\u00e4nkten Kapazit\u00e4t Scheduler<\/li>\n<li>\u00dcberpr\u00fcfung der Lieferzeiten<\/li>\n<li>Organisation der Arbeitsleistung<\/li>\n<li>Fortschrittskontrolle<\/li>\n<\/ul>\n<h3>Versorgung<\/h3>\n<p>Wir arbeiten mit einem Netzwerk kompetenter Forschungspartner und Spezialisten zusammen, die uns dabei unterst\u00fctzen, H\u00f6chstleistung zu erbringen.<\/p>\n<ul>\n<li>Lieferantenleitung<\/li>\n<li>\u00dcberpr\u00fcfung der Audit<\/li>\n<li>Angebotsanfragen<\/li>\n<li>Bestellungen<\/li>\n<li>Erinnerungen \/ Mahnungen und Lieferungsmanagement<\/li>\n<\/ul>\n<h3>Fertigung<\/h3>\n<p>Wir verf\u00fcgen \u00fcber einen bemerkenswerten Maschinenpark, bei dem strenge Kontrollen an den Maschinen und Materialien durchgef\u00fchrt werden.<\/p>\n<ul>\n<li>CAD-Cam-Programmierung<\/li>\n<li>Ausr\u00fcstung und Produktion<\/li>\n<li>Fernaktualisierung der Produktionszeiten<\/li>\n<li>Abnahmepr\u00fcfungen<\/li>\n<li>Linientestl\u00e4ufe<\/li>\n<li>Ende Testl\u00e4ufe<\/li>\n<\/ul>\n<h3>Montage<\/h3>\n<p>Wir f\u00fchren die Montage von Funktionsgruppen oder Komplettanlagen mit den von uns gefertigten Komponenten durch, sowie mit durch uns oder durch Kunden beschafften.<br \/>\nWir besch\u00e4ftigen uns mit kompletten Baugruppen und Teilbaugruppen f\u00fcr jeden Sektor.<\/p>\n<h3>Unternehmenssteuerung<\/h3>\n<p>Das interne Modell basiert auf drei S\u00e4ulen:<\/p>\n<ul>\n<li>Analyse von Funktionen und Abteilungen<\/li>\n<li>Planung und Messung der Systemleistung<\/li>\n<li>Optimierung von Informationsprozessen<\/li>\n<\/ul>\n<\/div>\n<h2>Nachhaltigkeit und zertifizierte Qualit\u00e4t<\/h2>\n<p>Unser t\u00e4gliches Engagement zielt darauf ab, Hochqualit\u00e4tsstandards bei Materialien, Prozessen und Bearbeitungen zu gew\u00e4hrleisten. Unser Einsatz als Unternehmen und als Gruppe ist in der Forschung und Entwicklung von L\u00f6sungen ebenso stark, wie geringe Umweltauswirkungen haben.<\/p>\n<div>\n<div class=\"cnt-crt\"><img decoding=\"async\" src=\"https:\/\/www.lineamec.com\/images\/QualitySysCert_ISO9001_col.svg\" width=\"180\" \/><\/div>\n<div class=\"cnt-crt-txt\">\n<h3>ISO 9001:2015<\/h3>\n<p>Unser Wille und Einsatz in Bezug auf den Zertifizierungsprozess h\u00f6rt nicht auf. Wir streben nach einer st\u00e4ndigen Verbesserung, daher sind unsere Priorit\u00e4ten die Effizienz unserer Prozesse, die Qualit\u00e4t der Berarbeitungen und die Ver\u00e4nderungen, um ein \u00f6kologisches Unternehmen zu sein.<br \/>\n<a href=\"https:\/\/www.lineamec.com\/wp-content\/uploads\/ISO_9001-ENG-CERT-10264-2002-AQ-VEN-SINCERT-6-20260220.pdf\">Download<\/a><\/p>\n<\/div>\n<div class=\"close\"><\/div>\n<\/div>\n<\/div>\n","protected":false},"excerpt":{"rendered":"<p>WIE WIR ARBEITEN Wir haben ein Workflow-Management-System aktiviert, das durch die Planung und \u00dcberwachung von Erstellung und Zeitplan, f\u00fcr die Einhaltung der festgelegten Lieferzeiten und die Qualit\u00e4t unserer Arbeit garantiert. Workflow management system Das implementierte System erm\u00f6glicht eine Steigerung der Leistungsf\u00e4higkeit, die Automatisierung vieler Prozesse und eine bessere Steuerung derselben, die Standardisierung der Arbeitsmethoden und &hellip; <a href=\"https:\/\/www.lineamec.com\/de\/wie-wir-arbeiten\/\" class=\"more-link\"><span class=\"screen-reader-text\">Wie wir arbeiten<\/span> weiterlesen <span class=\"meta-nav\">&rarr;<\/span><\/a><\/p>\n","protected":false},"author":2,"featured_media":0,"parent":0,"menu_order":10,"comment_status":"closed","ping_status":"closed","template":"page-fascia.php","meta":{"footnotes":""},"class_list":["post-254","page","type-page","status-publish","hentry"],"yoast_head":"<!-- This site is optimized with the Yoast SEO plugin v25.4 - https:\/\/yoast.com\/wordpress\/plugins\/seo\/ -->\n<title>Wie wir arbeiten - Lineamec<\/title>\n<meta name=\"robots\" content=\"index, follow, max-snippet:-1, max-image-preview:large, max-video-preview:-1\" \/>\n<link rel=\"canonical\" href=\"https:\/\/www.lineamec.com\/de\/wie-wir-arbeiten\/\" \/>\n<meta property=\"og:locale\" content=\"de_DE\" \/>\n<meta property=\"og:type\" content=\"article\" \/>\n<meta property=\"og:title\" content=\"Wie wir arbeiten - Lineamec\" \/>\n<meta property=\"og:description\" content=\"WIE WIR ARBEITEN Wir haben ein Workflow-Management-System aktiviert, das durch die Planung und \u00dcberwachung von Erstellung und Zeitplan, f\u00fcr die Einhaltung der festgelegten Lieferzeiten und die Qualit\u00e4t unserer Arbeit garantiert. Workflow management system Das implementierte System erm\u00f6glicht eine Steigerung der Leistungsf\u00e4higkeit, die Automatisierung vieler Prozesse und eine bessere Steuerung derselben, die Standardisierung der Arbeitsmethoden und &hellip; Wie wir arbeiten weiterlesen &rarr;\" \/>\n<meta property=\"og:url\" content=\"https:\/\/www.lineamec.com\/de\/wie-wir-arbeiten\/\" \/>\n<meta property=\"og:site_name\" content=\"Lineamec\" \/>\n<meta property=\"article:modified_time\" content=\"2026-02-24T10:11:21+00:00\" \/>\n<meta property=\"og:image\" content=\"https:\/\/www.lineamec.com\/images\/come-lavoriamo-inpho-de.svg\" \/>\n<meta name=\"twitter:card\" content=\"summary_large_image\" \/>\n<meta name=\"twitter:label1\" content=\"Gesch\u00e4tzte Lesezeit\" \/>\n\t<meta name=\"twitter:data1\" content=\"3\u00a0Minuten\" \/>\n<script type=\"application\/ld+json\" class=\"yoast-schema-graph\">{\"@context\":\"https:\/\/schema.org\",\"@graph\":[{\"@type\":\"WebPage\",\"@id\":\"https:\/\/www.lineamec.com\/de\/wie-wir-arbeiten\/\",\"url\":\"https:\/\/www.lineamec.com\/de\/wie-wir-arbeiten\/\",\"name\":\"Wie wir arbeiten - Lineamec\",\"isPartOf\":{\"@id\":\"https:\/\/www.lineamec.com\/de\/#website\"},\"primaryImageOfPage\":{\"@id\":\"https:\/\/www.lineamec.com\/de\/wie-wir-arbeiten\/#primaryimage\"},\"image\":{\"@id\":\"https:\/\/www.lineamec.com\/de\/wie-wir-arbeiten\/#primaryimage\"},\"thumbnailUrl\":\"https:\/\/www.lineamec.com\/images\/come-lavoriamo-inpho-de.svg\",\"datePublished\":\"2020-12-10T09:46:59+00:00\",\"dateModified\":\"2026-02-24T10:11:21+00:00\",\"breadcrumb\":{\"@id\":\"https:\/\/www.lineamec.com\/de\/wie-wir-arbeiten\/#breadcrumb\"},\"inLanguage\":\"de\",\"potentialAction\":[{\"@type\":\"ReadAction\",\"target\":[\"https:\/\/www.lineamec.com\/de\/wie-wir-arbeiten\/\"]}]},{\"@type\":\"ImageObject\",\"inLanguage\":\"de\",\"@id\":\"https:\/\/www.lineamec.com\/de\/wie-wir-arbeiten\/#primaryimage\",\"url\":\"https:\/\/www.lineamec.com\/images\/come-lavoriamo-inpho-de.svg\",\"contentUrl\":\"https:\/\/www.lineamec.com\/images\/come-lavoriamo-inpho-de.svg\"},{\"@type\":\"BreadcrumbList\",\"@id\":\"https:\/\/www.lineamec.com\/de\/wie-wir-arbeiten\/#breadcrumb\",\"itemListElement\":[{\"@type\":\"ListItem\",\"position\":1,\"name\":\"Home\",\"item\":\"https:\/\/www.lineamec.com\/de\/\"},{\"@type\":\"ListItem\",\"position\":2,\"name\":\"Wie wir arbeiten\"}]},{\"@type\":\"WebSite\",\"@id\":\"https:\/\/www.lineamec.com\/de\/#website\",\"url\":\"https:\/\/www.lineamec.com\/de\/\",\"name\":\"Lineamec\",\"description\":\"\",\"potentialAction\":[{\"@type\":\"SearchAction\",\"target\":{\"@type\":\"EntryPoint\",\"urlTemplate\":\"https:\/\/www.lineamec.com\/de\/?s={search_term_string}\"},\"query-input\":{\"@type\":\"PropertyValueSpecification\",\"valueRequired\":true,\"valueName\":\"search_term_string\"}}],\"inLanguage\":\"de\"}]}<\/script>\n<!-- \/ Yoast SEO plugin. -->","yoast_head_json":{"title":"Wie wir arbeiten - Lineamec","robots":{"index":"index","follow":"follow","max-snippet":"max-snippet:-1","max-image-preview":"max-image-preview:large","max-video-preview":"max-video-preview:-1"},"canonical":"https:\/\/www.lineamec.com\/de\/wie-wir-arbeiten\/","og_locale":"de_DE","og_type":"article","og_title":"Wie wir arbeiten - Lineamec","og_description":"WIE WIR ARBEITEN Wir haben ein Workflow-Management-System aktiviert, das durch die Planung und \u00dcberwachung von Erstellung und Zeitplan, f\u00fcr die Einhaltung der festgelegten Lieferzeiten und die Qualit\u00e4t unserer Arbeit garantiert. Workflow management system Das implementierte System erm\u00f6glicht eine Steigerung der Leistungsf\u00e4higkeit, die Automatisierung vieler Prozesse und eine bessere Steuerung derselben, die Standardisierung der Arbeitsmethoden und &hellip; Wie wir arbeiten weiterlesen &rarr;","og_url":"https:\/\/www.lineamec.com\/de\/wie-wir-arbeiten\/","og_site_name":"Lineamec","article_modified_time":"2026-02-24T10:11:21+00:00","og_image":[{"url":"https:\/\/www.lineamec.com\/images\/come-lavoriamo-inpho-de.svg","type":"","width":"","height":""}],"twitter_card":"summary_large_image","twitter_misc":{"Gesch\u00e4tzte Lesezeit":"3\u00a0Minuten"},"schema":{"@context":"https:\/\/schema.org","@graph":[{"@type":"WebPage","@id":"https:\/\/www.lineamec.com\/de\/wie-wir-arbeiten\/","url":"https:\/\/www.lineamec.com\/de\/wie-wir-arbeiten\/","name":"Wie wir arbeiten - Lineamec","isPartOf":{"@id":"https:\/\/www.lineamec.com\/de\/#website"},"primaryImageOfPage":{"@id":"https:\/\/www.lineamec.com\/de\/wie-wir-arbeiten\/#primaryimage"},"image":{"@id":"https:\/\/www.lineamec.com\/de\/wie-wir-arbeiten\/#primaryimage"},"thumbnailUrl":"https:\/\/www.lineamec.com\/images\/come-lavoriamo-inpho-de.svg","datePublished":"2020-12-10T09:46:59+00:00","dateModified":"2026-02-24T10:11:21+00:00","breadcrumb":{"@id":"https:\/\/www.lineamec.com\/de\/wie-wir-arbeiten\/#breadcrumb"},"inLanguage":"de","potentialAction":[{"@type":"ReadAction","target":["https:\/\/www.lineamec.com\/de\/wie-wir-arbeiten\/"]}]},{"@type":"ImageObject","inLanguage":"de","@id":"https:\/\/www.lineamec.com\/de\/wie-wir-arbeiten\/#primaryimage","url":"https:\/\/www.lineamec.com\/images\/come-lavoriamo-inpho-de.svg","contentUrl":"https:\/\/www.lineamec.com\/images\/come-lavoriamo-inpho-de.svg"},{"@type":"BreadcrumbList","@id":"https:\/\/www.lineamec.com\/de\/wie-wir-arbeiten\/#breadcrumb","itemListElement":[{"@type":"ListItem","position":1,"name":"Home","item":"https:\/\/www.lineamec.com\/de\/"},{"@type":"ListItem","position":2,"name":"Wie wir arbeiten"}]},{"@type":"WebSite","@id":"https:\/\/www.lineamec.com\/de\/#website","url":"https:\/\/www.lineamec.com\/de\/","name":"Lineamec","description":"","potentialAction":[{"@type":"SearchAction","target":{"@type":"EntryPoint","urlTemplate":"https:\/\/www.lineamec.com\/de\/?s={search_term_string}"},"query-input":{"@type":"PropertyValueSpecification","valueRequired":true,"valueName":"search_term_string"}}],"inLanguage":"de"}]}},"_links":{"self":[{"href":"https:\/\/www.lineamec.com\/de\/wp-json\/wp\/v2\/pages\/254","targetHints":{"allow":["GET"]}}],"collection":[{"href":"https:\/\/www.lineamec.com\/de\/wp-json\/wp\/v2\/pages"}],"about":[{"href":"https:\/\/www.lineamec.com\/de\/wp-json\/wp\/v2\/types\/page"}],"author":[{"embeddable":true,"href":"https:\/\/www.lineamec.com\/de\/wp-json\/wp\/v2\/users\/2"}],"replies":[{"embeddable":true,"href":"https:\/\/www.lineamec.com\/de\/wp-json\/wp\/v2\/comments?post=254"}],"version-history":[{"count":10,"href":"https:\/\/www.lineamec.com\/de\/wp-json\/wp\/v2\/pages\/254\/revisions"}],"predecessor-version":[{"id":424,"href":"https:\/\/www.lineamec.com\/de\/wp-json\/wp\/v2\/pages\/254\/revisions\/424"}],"wp:attachment":[{"href":"https:\/\/www.lineamec.com\/de\/wp-json\/wp\/v2\/media?parent=254"}],"curies":[{"name":"wp","href":"https:\/\/api.w.org\/{rel}","templated":true}]}}