{"id":250,"date":"2020-12-10T09:41:47","date_gmt":"2020-12-10T09:41:47","guid":{"rendered":"https:\/\/www.lineamec.com\/?page_id=250"},"modified":"2020-12-11T11:50:33","modified_gmt":"2020-12-11T11:50:33","slug":"homepage","status":"publish","type":"page","link":"https:\/\/www.lineamec.com\/de\/","title":{"rendered":"Homepage"},"content":{"rendered":"<div class=\"bg-fcd\">\n<div class=\"hn-claim\">\n<p class=\"tit-claim\">MECHANISCHE BEARBEITUNGEN UND BAUTEILE F\u00dcR DEN MASCHINENBAU<\/p>\n<p>Ihre Zufriedenheit ist unser Versprechen: Qualit\u00e4t in bestimmten Fristen.<\/p>\n<p><a href=\"https:\/\/www.lineamec.com\/de\/bearbeitungen\/\" class=\"button-white\">Bearbeitungen<\/a><\/p>\n<\/div>\n<\/div>\n<div class=\"cnt-sm\">\n<h1>EINE GESCHICHTE AUS ERFAHRUNG, INNOVATION UND TEAM<\/h1>\n<p>\u00dcber 40 Jahre Erfahrung und st\u00e4ndige Investitionen in Technologie und Ausbildung machen uns zum idealen Partner f\u00fcr Zuverl\u00e4ssigkeit, gewachsenes Know-how und Maschinenpark.<br \/>\nHeute werden unsere Dienstleistungen von st\u00e4ndiger Aktualisierung der Effizienz interner Prozesse, der Nachhaltigkeit unserer Zentren und der gemeinsamen Leidenschaft f\u00fcr unsere Arbeit geleitet.<\/p>\n<\/div>\n<div class=\"bg-blue mr-tp-md mr-bt-md\">\n<div class=\"cnt-lg\">\n<div class=\"hm-half-lf\"><img decoding=\"async\" src=\"https:\/\/www.lineamec.com\/images\/hm-half-lf.png\"><\/div>\n<div class=\"hm-half-rg txt-white\">\n<h2>Mechanische Teile und Baugruppen innerhalb festgelegter Fristen, ohne unerwartete Ereignisse<\/h2>\n<p>Wir bauen mechanische Teile und Baugruppen bis zu Komplettanlagen gem\u00e4\u00df Projekt unter Einhaltung des vereinbarten Budgets und der festgelegten Lieferzeiten. Die Liefersicherheit wird durch das interne Workflow-Management-System gew\u00e4hrleistet, dass auf Automatisierung, Flexibilit\u00e4t und Effizienz basiert.<\/p>\n<p class=\"mr-tp-md\"><a href=\"https:\/\/www.lineamec.com\/de\/wie-wir-arbeiten\/\" class=\"button-white\">Wie wir arbeiten<\/a><\/p>\n<\/div>\n<div class=\"close\"><\/div>\n<\/div>\n<\/div>\n<div class=\"cnt-lg mr-bt-md\">\n<div class=\"hm-half-lf\">\n<h2>Produktionskapazit\u00e4t und st\u00e4ndige Hightech-Innovation<\/h2>\n<p>Wir haben einen hochmodernen Maschinenpark geschaffen, um alle Bauanforderungen des Marktes zu erf\u00fcllen. In unserer Produktionsanlage befinden sich 7 vertikale 3-Achsen-Bearbeitungszentren, 6 horizontale Zentren, 4 Bearbeitungszentren mit 5 kontinuierliche Achsen, 8 CNC-Drehmaschinen, 5 dreidimensionale Messmaschinen und 2 metrologische Messr\u00e4ume.<\/p>\n<p class=\"mr-tp-md\"><a href=\"https:\/\/www.lineamec.com\/de\/maschinenpark-und-bearbeitungszentren\/\" class=\"button-black\">Maschinenpark<\/a><\/p>\n<\/div>\n<div class=\"hm-half-rg\">\n<img decoding=\"async\" src=\"https:\/\/www.lineamec.com\/images\/hm-half-rg.png\">\n<\/div>\n<div class=\"close\"><\/div>\n<\/div>\n","protected":false},"excerpt":{"rendered":"<p>MECHANISCHE BEARBEITUNGEN UND BAUTEILE F\u00dcR DEN MASCHINENBAU Ihre Zufriedenheit ist unser Versprechen: Qualit\u00e4t in bestimmten Fristen. Bearbeitungen EINE GESCHICHTE AUS ERFAHRUNG, INNOVATION UND TEAM \u00dcber 40 Jahre Erfahrung und st\u00e4ndige Investitionen in Technologie und Ausbildung machen uns zum idealen Partner f\u00fcr Zuverl\u00e4ssigkeit, gewachsenes Know-how und Maschinenpark. Heute werden unsere Dienstleistungen von st\u00e4ndiger Aktualisierung der Effizienz &hellip; <a href=\"https:\/\/www.lineamec.com\/de\/\" class=\"more-link\"><span class=\"screen-reader-text\">Homepage<\/span> weiterlesen <span class=\"meta-nav\">&rarr;<\/span><\/a><\/p>\n","protected":false},"author":2,"featured_media":0,"parent":0,"menu_order":0,"comment_status":"closed","ping_status":"closed","template":"homepage.php","meta":{"footnotes":""},"class_list":["post-250","page","type-page","status-publish","hentry"],"yoast_head":"<!-- This site is optimized with the Yoast SEO plugin v25.4 - https:\/\/yoast.com\/wordpress\/plugins\/seo\/ -->\n<title>Homepage - Lineamec<\/title>\n<meta name=\"robots\" content=\"index, follow, max-snippet:-1, max-image-preview:large, max-video-preview:-1\" \/>\n<link rel=\"canonical\" href=\"https:\/\/www.lineamec.com\/de\/\" \/>\n<meta property=\"og:locale\" content=\"de_DE\" \/>\n<meta property=\"og:type\" content=\"article\" \/>\n<meta property=\"og:title\" content=\"Homepage - Lineamec\" \/>\n<meta property=\"og:description\" content=\"MECHANISCHE BEARBEITUNGEN UND BAUTEILE F\u00dcR DEN MASCHINENBAU Ihre Zufriedenheit ist unser Versprechen: Qualit\u00e4t in bestimmten Fristen. Bearbeitungen EINE GESCHICHTE AUS ERFAHRUNG, INNOVATION UND TEAM \u00dcber 40 Jahre Erfahrung und st\u00e4ndige Investitionen in Technologie und Ausbildung machen uns zum idealen Partner f\u00fcr Zuverl\u00e4ssigkeit, gewachsenes Know-how und Maschinenpark. Heute werden unsere Dienstleistungen von st\u00e4ndiger Aktualisierung der Effizienz &hellip; Homepage weiterlesen &rarr;\" \/>\n<meta property=\"og:url\" content=\"https:\/\/www.lineamec.com\/de\/\" \/>\n<meta property=\"og:site_name\" content=\"Lineamec\" \/>\n<meta property=\"article:modified_time\" content=\"2020-12-11T11:50:33+00:00\" \/>\n<meta property=\"og:image\" content=\"https:\/\/www.lineamec.com\/images\/hm-half-lf.png\" \/>\n<meta name=\"twitter:card\" content=\"summary_large_image\" \/>\n<meta name=\"twitter:label1\" content=\"Gesch\u00e4tzte Lesezeit\" \/>\n\t<meta name=\"twitter:data1\" content=\"1\u00a0Minute\" \/>\n<script type=\"application\/ld+json\" class=\"yoast-schema-graph\">{\"@context\":\"https:\/\/schema.org\",\"@graph\":[{\"@type\":\"WebPage\",\"@id\":\"https:\/\/www.lineamec.com\/de\/\",\"url\":\"https:\/\/www.lineamec.com\/de\/\",\"name\":\"Homepage - Lineamec\",\"isPartOf\":{\"@id\":\"https:\/\/www.lineamec.com\/de\/#website\"},\"primaryImageOfPage\":{\"@id\":\"https:\/\/www.lineamec.com\/de\/#primaryimage\"},\"image\":{\"@id\":\"https:\/\/www.lineamec.com\/de\/#primaryimage\"},\"thumbnailUrl\":\"https:\/\/www.lineamec.com\/images\/hm-half-lf.png\",\"datePublished\":\"2020-12-10T09:41:47+00:00\",\"dateModified\":\"2020-12-11T11:50:33+00:00\",\"breadcrumb\":{\"@id\":\"https:\/\/www.lineamec.com\/de\/#breadcrumb\"},\"inLanguage\":\"de\",\"potentialAction\":[{\"@type\":\"ReadAction\",\"target\":[\"https:\/\/www.lineamec.com\/de\/\"]}]},{\"@type\":\"ImageObject\",\"inLanguage\":\"de\",\"@id\":\"https:\/\/www.lineamec.com\/de\/#primaryimage\",\"url\":\"https:\/\/www.lineamec.com\/images\/hm-half-lf.png\",\"contentUrl\":\"https:\/\/www.lineamec.com\/images\/hm-half-lf.png\"},{\"@type\":\"BreadcrumbList\",\"@id\":\"https:\/\/www.lineamec.com\/de\/#breadcrumb\",\"itemListElement\":[{\"@type\":\"ListItem\",\"position\":1,\"name\":\"Home\",\"item\":\"https:\/\/www.lineamec.com\/de\/\"},{\"@type\":\"ListItem\",\"position\":2,\"name\":\"Homepage\"}]},{\"@type\":\"WebSite\",\"@id\":\"https:\/\/www.lineamec.com\/de\/#website\",\"url\":\"https:\/\/www.lineamec.com\/de\/\",\"name\":\"Lineamec\",\"description\":\"\",\"potentialAction\":[{\"@type\":\"SearchAction\",\"target\":{\"@type\":\"EntryPoint\",\"urlTemplate\":\"https:\/\/www.lineamec.com\/de\/?s={search_term_string}\"},\"query-input\":{\"@type\":\"PropertyValueSpecification\",\"valueRequired\":true,\"valueName\":\"search_term_string\"}}],\"inLanguage\":\"de\"}]}<\/script>\n<!-- \/ Yoast SEO plugin. -->","yoast_head_json":{"title":"Homepage - Lineamec","robots":{"index":"index","follow":"follow","max-snippet":"max-snippet:-1","max-image-preview":"max-image-preview:large","max-video-preview":"max-video-preview:-1"},"canonical":"https:\/\/www.lineamec.com\/de\/","og_locale":"de_DE","og_type":"article","og_title":"Homepage - Lineamec","og_description":"MECHANISCHE BEARBEITUNGEN UND BAUTEILE F\u00dcR DEN MASCHINENBAU Ihre Zufriedenheit ist unser Versprechen: Qualit\u00e4t in bestimmten Fristen. Bearbeitungen EINE GESCHICHTE AUS ERFAHRUNG, INNOVATION UND TEAM \u00dcber 40 Jahre Erfahrung und st\u00e4ndige Investitionen in Technologie und Ausbildung machen uns zum idealen Partner f\u00fcr Zuverl\u00e4ssigkeit, gewachsenes Know-how und Maschinenpark. Heute werden unsere Dienstleistungen von st\u00e4ndiger Aktualisierung der Effizienz &hellip; Homepage weiterlesen &rarr;","og_url":"https:\/\/www.lineamec.com\/de\/","og_site_name":"Lineamec","article_modified_time":"2020-12-11T11:50:33+00:00","og_image":[{"url":"https:\/\/www.lineamec.com\/images\/hm-half-lf.png","type":"","width":"","height":""}],"twitter_card":"summary_large_image","twitter_misc":{"Gesch\u00e4tzte Lesezeit":"1\u00a0Minute"},"schema":{"@context":"https:\/\/schema.org","@graph":[{"@type":"WebPage","@id":"https:\/\/www.lineamec.com\/de\/","url":"https:\/\/www.lineamec.com\/de\/","name":"Homepage - Lineamec","isPartOf":{"@id":"https:\/\/www.lineamec.com\/de\/#website"},"primaryImageOfPage":{"@id":"https:\/\/www.lineamec.com\/de\/#primaryimage"},"image":{"@id":"https:\/\/www.lineamec.com\/de\/#primaryimage"},"thumbnailUrl":"https:\/\/www.lineamec.com\/images\/hm-half-lf.png","datePublished":"2020-12-10T09:41:47+00:00","dateModified":"2020-12-11T11:50:33+00:00","breadcrumb":{"@id":"https:\/\/www.lineamec.com\/de\/#breadcrumb"},"inLanguage":"de","potentialAction":[{"@type":"ReadAction","target":["https:\/\/www.lineamec.com\/de\/"]}]},{"@type":"ImageObject","inLanguage":"de","@id":"https:\/\/www.lineamec.com\/de\/#primaryimage","url":"https:\/\/www.lineamec.com\/images\/hm-half-lf.png","contentUrl":"https:\/\/www.lineamec.com\/images\/hm-half-lf.png"},{"@type":"BreadcrumbList","@id":"https:\/\/www.lineamec.com\/de\/#breadcrumb","itemListElement":[{"@type":"ListItem","position":1,"name":"Home","item":"https:\/\/www.lineamec.com\/de\/"},{"@type":"ListItem","position":2,"name":"Homepage"}]},{"@type":"WebSite","@id":"https:\/\/www.lineamec.com\/de\/#website","url":"https:\/\/www.lineamec.com\/de\/","name":"Lineamec","description":"","potentialAction":[{"@type":"SearchAction","target":{"@type":"EntryPoint","urlTemplate":"https:\/\/www.lineamec.com\/de\/?s={search_term_string}"},"query-input":{"@type":"PropertyValueSpecification","valueRequired":true,"valueName":"search_term_string"}}],"inLanguage":"de"}]}},"_links":{"self":[{"href":"https:\/\/www.lineamec.com\/de\/wp-json\/wp\/v2\/pages\/250","targetHints":{"allow":["GET"]}}],"collection":[{"href":"https:\/\/www.lineamec.com\/de\/wp-json\/wp\/v2\/pages"}],"about":[{"href":"https:\/\/www.lineamec.com\/de\/wp-json\/wp\/v2\/types\/page"}],"author":[{"embeddable":true,"href":"https:\/\/www.lineamec.com\/de\/wp-json\/wp\/v2\/users\/2"}],"replies":[{"embeddable":true,"href":"https:\/\/www.lineamec.com\/de\/wp-json\/wp\/v2\/comments?post=250"}],"version-history":[{"count":1,"href":"https:\/\/www.lineamec.com\/de\/wp-json\/wp\/v2\/pages\/250\/revisions"}],"predecessor-version":[{"id":251,"href":"https:\/\/www.lineamec.com\/de\/wp-json\/wp\/v2\/pages\/250\/revisions\/251"}],"wp:attachment":[{"href":"https:\/\/www.lineamec.com\/de\/wp-json\/wp\/v2\/media?parent=250"}],"curies":[{"name":"wp","href":"https:\/\/api.w.org\/{rel}","templated":true}]}}